{"id":10559,"date":"2024-11-08T14:00:25","date_gmt":"2024-11-08T19:00:25","guid":{"rendered":"https:\/\/ballonsurglace.com\/?page_id=10559"},"modified":"2025-07-03T21:20:44","modified_gmt":"2025-07-04T01:20:44","slug":"temporaire-elite","status":"publish","type":"page","link":"https:\/\/ballonsurglace.com\/en\/temporaire-elite\/","title":{"rendered":"Temporaire \u00c9lite"},"content":{"rendered":"<h2>R\u00c9SERVEZ LES DATES &#8212;&gt; 6-7-8 mars 2026, T\u00e9miscouata<\/h2>\n<h3>Toute l&#8217;information disponible sous peu&#8230;<\/h3>\n","protected":false},"excerpt":{"rendered":"<p>R\u00c9SERVEZ LES DATES &#8212;&gt; 6-7-8 mars 2026, T\u00e9miscouata Toute l&#8217;information disponible sous peu&#8230;<\/p>\n","protected":false},"author":85,"featured_media":0,"parent":0,"menu_order":0,"comment_status":"closed","ping_status":"closed","template":"","meta":{"_acf_changed":false,"footnotes":""},"class_list":["post-10559","page","type-page","status-publish","hentry"],"acf":[],"yoast_head":"<!-- This site is optimized with the Yoast SEO plugin v25.7 - https:\/\/yoast.com\/wordpress\/plugins\/seo\/ -->\n<title>Temporaire \u00c9lite - F\u00e9d\u00e9ration Qu\u00e9b\u00e9cois de Ballon sur Glace<\/title>\n<meta name=\"robots\" content=\"index, follow, max-snippet:-1, max-image-preview:large, max-video-preview:-1\" \/>\n<link rel=\"canonical\" href=\"https:\/\/ballonsurglace.com\/temporaire-elite\/\" \/>\n<meta property=\"og:locale\" content=\"en_US\" \/>\n<meta property=\"og:type\" content=\"article\" \/>\n<meta property=\"og:title\" content=\"Temporaire \u00c9lite - F\u00e9d\u00e9ration Qu\u00e9b\u00e9cois de Ballon sur Glace\" \/>\n<meta property=\"og:description\" content=\"R\u00c9SERVEZ LES DATES &#8212;&gt; 6-7-8 mars 2026, T\u00e9miscouata Toute l&#8217;information disponible sous peu&#8230;\" \/>\n<meta property=\"og:url\" content=\"https:\/\/ballonsurglace.com\/temporaire-elite\/\" \/>\n<meta property=\"og:site_name\" content=\"F\u00e9d\u00e9ration Qu\u00e9b\u00e9cois de Ballon sur Glace\" \/>\n<meta property=\"article:modified_time\" content=\"2025-07-04T01:20:44+00:00\" \/>\n<meta name=\"twitter:card\" content=\"summary_large_image\" \/>\n<meta name=\"twitter:label1\" content=\"Est. reading time\" \/>\n\t<meta name=\"twitter:data1\" content=\"1 minute\" \/>\n<script type=\"application\/ld+json\" class=\"yoast-schema-graph\">{\"@context\":\"https:\/\/schema.org\",\"@graph\":[{\"@type\":\"WebPage\",\"@id\":\"https:\/\/ballonsurglace.com\/temporaire-elite\/\",\"url\":\"https:\/\/ballonsurglace.com\/temporaire-elite\/\",\"name\":\"Temporaire \u00c9lite - F\u00e9d\u00e9ration Qu\u00e9b\u00e9cois de Ballon sur Glace\",\"isPartOf\":{\"@id\":\"https:\/\/ballonsurglace.com\/#website\"},\"datePublished\":\"2024-11-08T19:00:25+00:00\",\"dateModified\":\"2025-07-04T01:20:44+00:00\",\"breadcrumb\":{\"@id\":\"https:\/\/ballonsurglace.com\/temporaire-elite\/#breadcrumb\"},\"inLanguage\":\"en-US\",\"potentialAction\":[{\"@type\":\"ReadAction\",\"target\":[\"https:\/\/ballonsurglace.com\/temporaire-elite\/\"]}]},{\"@type\":\"BreadcrumbList\",\"@id\":\"https:\/\/ballonsurglace.com\/temporaire-elite\/#breadcrumb\",\"itemListElement\":[{\"@type\":\"ListItem\",\"position\":1,\"name\":\"Accueil\",\"item\":\"https:\/\/ballonsurglace.com\/en\/\"},{\"@type\":\"ListItem\",\"position\":2,\"name\":\"Temporaire \u00c9lite\"}]},{\"@type\":\"WebSite\",\"@id\":\"https:\/\/ballonsurglace.com\/#website\",\"url\":\"https:\/\/ballonsurglace.com\/\",\"name\":\"F\u00e9d\u00e9ration Qu\u00e9b\u00e9cois de Ballon sur Glace\",\"description\":\"Un site utilisant Les sites de Ligue nord am\u00e9ricaine de hockey\",\"potentialAction\":[{\"@type\":\"SearchAction\",\"target\":{\"@type\":\"EntryPoint\",\"urlTemplate\":\"https:\/\/ballonsurglace.com\/?s={search_term_string}\"},\"query-input\":{\"@type\":\"PropertyValueSpecification\",\"valueRequired\":true,\"valueName\":\"search_term_string\"}}],\"inLanguage\":\"en-US\"}]}<\/script>\n<!-- \/ Yoast SEO plugin. -->","yoast_head_json":{"title":"Temporaire \u00c9lite - F\u00e9d\u00e9ration Qu\u00e9b\u00e9cois de Ballon sur Glace","robots":{"index":"index","follow":"follow","max-snippet":"max-snippet:-1","max-image-preview":"max-image-preview:large","max-video-preview":"max-video-preview:-1"},"canonical":"https:\/\/ballonsurglace.com\/temporaire-elite\/","og_locale":"en_US","og_type":"article","og_title":"Temporaire \u00c9lite - F\u00e9d\u00e9ration Qu\u00e9b\u00e9cois de Ballon sur Glace","og_description":"R\u00c9SERVEZ LES DATES &#8212;&gt; 6-7-8 mars 2026, T\u00e9miscouata Toute l&#8217;information disponible sous peu&#8230;","og_url":"https:\/\/ballonsurglace.com\/temporaire-elite\/","og_site_name":"F\u00e9d\u00e9ration Qu\u00e9b\u00e9cois de Ballon sur Glace","article_modified_time":"2025-07-04T01:20:44+00:00","twitter_card":"summary_large_image","twitter_misc":{"Est. reading time":"1 minute"},"schema":{"@context":"https:\/\/schema.org","@graph":[{"@type":"WebPage","@id":"https:\/\/ballonsurglace.com\/temporaire-elite\/","url":"https:\/\/ballonsurglace.com\/temporaire-elite\/","name":"Temporaire \u00c9lite - F\u00e9d\u00e9ration Qu\u00e9b\u00e9cois de Ballon sur Glace","isPartOf":{"@id":"https:\/\/ballonsurglace.com\/#website"},"datePublished":"2024-11-08T19:00:25+00:00","dateModified":"2025-07-04T01:20:44+00:00","breadcrumb":{"@id":"https:\/\/ballonsurglace.com\/temporaire-elite\/#breadcrumb"},"inLanguage":"en-US","potentialAction":[{"@type":"ReadAction","target":["https:\/\/ballonsurglace.com\/temporaire-elite\/"]}]},{"@type":"BreadcrumbList","@id":"https:\/\/ballonsurglace.com\/temporaire-elite\/#breadcrumb","itemListElement":[{"@type":"ListItem","position":1,"name":"Accueil","item":"https:\/\/ballonsurglace.com\/en\/"},{"@type":"ListItem","position":2,"name":"Temporaire \u00c9lite"}]},{"@type":"WebSite","@id":"https:\/\/ballonsurglace.com\/#website","url":"https:\/\/ballonsurglace.com\/","name":"F\u00e9d\u00e9ration Qu\u00e9b\u00e9cois de Ballon sur Glace","description":"Un site utilisant Les sites de Ligue nord am\u00e9ricaine de hockey","potentialAction":[{"@type":"SearchAction","target":{"@type":"EntryPoint","urlTemplate":"https:\/\/ballonsurglace.com\/?s={search_term_string}"},"query-input":{"@type":"PropertyValueSpecification","valueRequired":true,"valueName":"search_term_string"}}],"inLanguage":"en-US"}]}},"_links":{"self":[{"href":"https:\/\/ballonsurglace.com\/en\/wp-json\/wp\/v2\/pages\/10559","targetHints":{"allow":["GET"]}}],"collection":[{"href":"https:\/\/ballonsurglace.com\/en\/wp-json\/wp\/v2\/pages"}],"about":[{"href":"https:\/\/ballonsurglace.com\/en\/wp-json\/wp\/v2\/types\/page"}],"author":[{"embeddable":true,"href":"https:\/\/ballonsurglace.com\/en\/wp-json\/wp\/v2\/users\/85"}],"replies":[{"embeddable":true,"href":"https:\/\/ballonsurglace.com\/en\/wp-json\/wp\/v2\/comments?post=10559"}],"version-history":[{"count":2,"href":"https:\/\/ballonsurglace.com\/en\/wp-json\/wp\/v2\/pages\/10559\/revisions"}],"predecessor-version":[{"id":11424,"href":"https:\/\/ballonsurglace.com\/en\/wp-json\/wp\/v2\/pages\/10559\/revisions\/11424"}],"wp:attachment":[{"href":"https:\/\/ballonsurglace.com\/en\/wp-json\/wp\/v2\/media?parent=10559"}],"curies":[{"name":"wp","href":"https:\/\/api.w.org\/{rel}","templated":true}]}}