{"id":3085,"date":"2018-10-19T13:50:47","date_gmt":"2018-10-19T17:50:47","guid":{"rendered":"http:\/\/ballonsurglace.com\/mineur-2019-blainville\/"},"modified":"2025-01-30T10:46:24","modified_gmt":"2025-01-30T15:46:24","slug":"mineur","status":"publish","type":"page","link":"https:\/\/ballonsurglace.com\/en\/mineur\/","title":{"rendered":"Championnat provincial Mineur"},"content":{"rendered":"<h2><img loading=\"lazy\" decoding=\"async\" class=\"aligncenter wp-image-10791 \" src=\"http:\/\/ballonsurglace.com\/wp-content\/uploads\/sites\/245\/2025\/01\/BSGMT_logo_RVB_Couleurs-scaled.jpg\" alt=\"\" width=\"642\" height=\"550\" srcset=\"https:\/\/ballonsurglace.com\/wp-content\/uploads\/sites\/245\/2025\/01\/BSGMT_logo_RVB_Couleurs-scaled.jpg 2048w, https:\/\/ballonsurglace.com\/wp-content\/uploads\/sites\/245\/2025\/01\/BSGMT_logo_RVB_Couleurs-300x257.jpg 300w, https:\/\/ballonsurglace.com\/wp-content\/uploads\/sites\/245\/2025\/01\/BSGMT_logo_RVB_Couleurs-2000x1714.jpg 2000w, https:\/\/ballonsurglace.com\/wp-content\/uploads\/sites\/245\/2025\/01\/BSGMT_logo_RVB_Couleurs-768x658.jpg 768w, https:\/\/ballonsurglace.com\/wp-content\/uploads\/sites\/245\/2025\/01\/BSGMT_logo_RVB_Couleurs-1536x1317.jpg 1536w\" sizes=\"(max-width: 642px) 100vw, 642px\" \/><\/h2>\n<h2 style=\"text-align: center\"><span style=\"font-size: 24pt;font-family: impact, sans-serif\">April 18-19-20th 2025<\/span><\/h2>\n<p>&nbsp;<\/p>\n<p><span style=\"font-size: 18pt\"><strong>EVENT PARTNER :\u00a0<\/strong><\/span><\/p>\n<p><img loading=\"lazy\" decoding=\"async\" class=\"aligncenter size-medium wp-image-10960\" src=\"http:\/\/ballonsurglace.com\/wp-content\/uploads\/sites\/245\/2025\/01\/RDL_ville_et_region_mauve-transparent-300x173.png\" alt=\"\" width=\"300\" height=\"173\" srcset=\"https:\/\/ballonsurglace.com\/wp-content\/uploads\/sites\/245\/2025\/01\/RDL_ville_et_region_mauve-transparent-300x173.png 300w, https:\/\/ballonsurglace.com\/wp-content\/uploads\/sites\/245\/2025\/01\/RDL_ville_et_region_mauve-transparent.png 536w\" sizes=\"(max-width: 300px) 100vw, 300px\" \/><\/p>\n<p>&nbsp;<\/p>\n<p><span style=\"font-size: 18pt\"><strong>REGISTRATIONS :<\/strong><\/span><\/p>\n<p><strong>ALL TEAMS MUST BE AFFILIATED TO PARTICIPATE IN THE MINOR PROVINCIAL CHAMPIONSHIP.<\/strong><br \/>\n\ud83d\udc49 More information on affiliation below.<\/p>\n<h3><strong>Online Registration via your FQBG Account<\/strong><\/h3>\n<p><strong>Registration Fees:<\/strong><\/p>\n<ul>\n<li><strong>M8<\/strong> \u2013 $250<\/li>\n<li><strong>M10<\/strong> \u2013 $420<\/li>\n<li><strong>M12 (M&amp;F)<\/strong> \u2013 $420<\/li>\n<li><strong>M14 (M&amp;F)<\/strong> \u2013 $485<\/li>\n<li><strong>M16 (M&amp;F)<\/strong> \u2013 $485<\/li>\n<li><strong>M19 Elite Contact (M&amp;F)<\/strong> \u2013 $560<\/li>\n<li><strong>M19 Non-Contact (M&amp;F)<\/strong> \u2013 $520<\/li>\n<\/ul>\n<p>\u27a1 <strong>Registration deadline with FQBG:<\/strong> March 18, 2025<\/p>\n<h3><strong>Age Categories:<\/strong><\/h3>\n<ul>\n<li><strong>M8<\/strong>: Born in 2016 or later<\/li>\n<li><strong>M10<\/strong>: Born in 2014 or later<\/li>\n<li><strong>M12<\/strong>: Born in 2012 or later<\/li>\n<li><strong>M14<\/strong>: Born in 2010 or later<\/li>\n<li><strong>M16<\/strong>: Born in 2008 or later<\/li>\n<li><strong>M19<\/strong>: Born in 2005 or later<\/li>\n<\/ul>\n<h3><strong>For more information:<\/strong><\/h3>\n<p>\ud83d\udce9 <strong>Alex B Perreault<\/strong><br \/>\n\u2709 <strong>Email:<\/strong> <a rel=\"noopener\">fqbg.comm@gmail.com<\/a><br \/>\n\ud83d\udcde <strong>Phone:<\/strong> (819) 697-8147<\/p>\n<hr \/>\n<h3><strong>Additional Information:<\/strong><\/h3>\n<p>\u2714 <strong>All participants must be accredited BEFORE their first match.<\/strong><br \/>\n\u2714 <strong>Clothing and equipment will be available for purchase on-site.<\/strong><br \/>\n\u2714 <strong>Cash only for clothing sales and entry fees<\/strong> (Free for those under 18).<br \/>\n\u2714 <strong>An ID will be required on-site as proof of age for accreditation.<\/strong><\/p>\n<p>____________________<\/p>\n<p><a href=\"http:\/\/ballonsurglace.com\/wp-content\/uploads\/sites\/245\/2025\/01\/reglements-specifiques-mineur-Riviere-du-Loup-2025.docx\">R\u00e8glements sp\u00e9cifiques 2025<\/a><\/p>\n<p>____________________<\/p>\n<p><span style=\"font-size: 24pt\">HOST HOTELS<\/span><\/p>\n<p>&nbsp;<\/p>\n<p><img loading=\"lazy\" decoding=\"async\" class=\"size-medium wp-image-10811 alignleft\" src=\"http:\/\/ballonsurglace.com\/wp-content\/uploads\/sites\/245\/2025\/01\/days-inn-rdl-300x149.jpg\" alt=\"\" width=\"300\" height=\"149\" srcset=\"https:\/\/ballonsurglace.com\/wp-content\/uploads\/sites\/245\/2025\/01\/days-inn-rdl-300x149.jpg 300w, https:\/\/ballonsurglace.com\/wp-content\/uploads\/sites\/245\/2025\/01\/days-inn-rdl.jpg 438w\" sizes=\"(max-width: 300px) 100vw, 300px\" \/> <img loading=\"lazy\" decoding=\"async\" class=\"size-medium wp-image-10815 alignleft\" src=\"http:\/\/ballonsurglace.com\/wp-content\/uploads\/sites\/245\/2025\/01\/hotel-levesque-rdl.jpg\" alt=\"\" width=\"212\" height=\"118\" \/> <img loading=\"lazy\" decoding=\"async\" class=\"size-medium wp-image-10819 alignleft\" src=\"http:\/\/ballonsurglace.com\/wp-content\/uploads\/sites\/245\/2025\/01\/hotel-universel-rdl.jpg\" alt=\"\" width=\"250\" height=\"156\" \/><\/p>\n<p>&nbsp;<\/p>\n<p>&nbsp;<\/p>\n<p>&nbsp;<\/p>\n<p>&nbsp;<\/p>\n<p>&nbsp;<\/p>\n<h3><strong>OFFICIAL HOTELS of the Event:<\/strong><\/h3>\n<p>\ud83c\udfe8 <strong>H\u00d4TEL UNIVERSEL<\/strong><br \/>\n\ud83d\udccd 311, boul. de l&#8217;H\u00f4tel-de-Ville, Rivi\u00e8re-du-Loup<br \/>\n\ud83d\udcb0 $165.00 to $175.00<br \/>\n\ud83d\udcde (418) 862-9520<\/p>\n<p>\ud83c\udfe8 <strong>H\u00d4TEL L\u00c9VESQUE<\/strong><br \/>\n\ud83d\udccd 171, rue Fraser, Rivi\u00e8re-du-Loup<br \/>\n\ud83d\udcb0 $165.00 to $175.00<br \/>\n\ud83d\udcde (418) 862-6927<\/p>\n<p>\ud83c\udfe8 <strong>DAYS INN RDL<\/strong><br \/>\n\ud83d\udccd 182, rue Fraser, Rivi\u00e8re-du-Loup<br \/>\n\ud83d\udcb0 $165.00 to $175.00 \u2013 <strong>Breakfast included<\/strong><br \/>\n\ud83d\udcde (418) 862-6354<\/p>\n<p>\ud83d\udccc <strong>Please mention &#8220;Ballon sur glace 2025&#8221; when making reservations.<\/strong><\/p>\n<hr \/>\n<h3><strong>Arena Address:<\/strong><\/h3>\n<p>\ud83c\udfdf <strong>Centre Premier Tech<\/strong><br \/>\n\ud83d\udccd 75 Rue Frontenac, Rivi\u00e8re-du-Loup, QC<\/p>\n<p><img loading=\"lazy\" decoding=\"async\" class=\"alignleft wp-image-10801 \" src=\"http:\/\/ballonsurglace.com\/wp-content\/uploads\/sites\/245\/2025\/01\/centre-1er-tech-2.jpg\" alt=\"\" width=\"530\" height=\"239\" srcset=\"https:\/\/ballonsurglace.com\/wp-content\/uploads\/sites\/245\/2025\/01\/centre-1er-tech-2.jpg 1404w, https:\/\/ballonsurglace.com\/wp-content\/uploads\/sites\/245\/2025\/01\/centre-1er-tech-2-300x135.jpg 300w, https:\/\/ballonsurglace.com\/wp-content\/uploads\/sites\/245\/2025\/01\/centre-1er-tech-2-768x347.jpg 768w\" sizes=\"(max-width: 530px) 100vw, 530px\" \/> <img loading=\"lazy\" decoding=\"async\" class=\"alignleft wp-image-10805 \" src=\"http:\/\/ballonsurglace.com\/wp-content\/uploads\/sites\/245\/2025\/01\/centre-1er-tech.jpg\" alt=\"\" width=\"514\" height=\"239\" srcset=\"https:\/\/ballonsurglace.com\/wp-content\/uploads\/sites\/245\/2025\/01\/centre-1er-tech.jpg 1425w, https:\/\/ballonsurglace.com\/wp-content\/uploads\/sites\/245\/2025\/01\/centre-1er-tech-300x139.jpg 300w, https:\/\/ballonsurglace.com\/wp-content\/uploads\/sites\/245\/2025\/01\/centre-1er-tech-768x357.jpg 768w\" sizes=\"(max-width: 514px) 100vw, 514px\" \/><\/p>\n<p>&nbsp;<\/p>\n<p>&nbsp;<\/p>\n<h2 style=\"text-align: center\"><\/h2>\n<p>&nbsp;<\/p>\n<p>&nbsp;<\/p>\n<p>&nbsp;<\/p>\n<p>&nbsp;<\/p>\n<p>&#8212;&#8212;&#8212;&#8212;&#8212;&#8212;&#8212;-<\/p>\n<h3><strong>All teams participating in the Provincial Championship must be affiliated.<\/strong><\/h3>\n<h3><strong>HOW TO AFFILIATE?<\/strong><\/h3>\n<p>Each team manager must:<\/p>\n<ol>\n<li><strong>Complete the online form<\/strong> via your &#8220;MY FQBG ACCOUNT&#8221; for each registered team, using a computer or mobile phone.<\/li>\n<li><strong>Fill out the appropriate affiliation form<\/strong> and pay online through the platform, or contact FQBG for an alternative payment method.<\/li>\n<li>Once your registration is <strong>approved<\/strong>, go to the <strong>&#8220;Roster&#8221; tab<\/strong> in your FQBG account to complete your team lineup, which will be available during tournaments. The lineup <strong>can be modified at any time<\/strong>.<\/li>\n<\/ol>\n<p>\ud83d\udcde <strong>Contact FQBG:<\/strong><br \/>\nAlex &#8211; (819) 697-8147<br \/>\n\ud83d\udce9 <a rel=\"noopener\">fqbg.comm@gmail.com<\/a><\/p>\n<p>&nbsp;<\/p>\n","protected":false},"excerpt":{"rendered":"<p>April 18-19-20th 2025 &nbsp; EVENT PARTNER :\u00a0 &nbsp; REGISTRATIONS : ALL TEAMS MUST BE AFFILIATED TO PARTICIPATE IN THE MINOR PROVINCIAL CHAMPIONSHIP. \ud83d\udc49 More information on affiliation below. Online Registration via your FQBG Account Registration Fees: M8 \u2013 $250 M10 \u2013 $420 M12 (M&amp;F) \u2013 $420 M14 (M&amp;F) \u2013 $485 M16 (M&amp;F) \u2013 $485 M19 [&hellip;]<\/p>\n","protected":false},"author":85,"featured_media":0,"parent":0,"menu_order":0,"comment_status":"closed","ping_status":"closed","template":"","meta":{"_acf_changed":false,"footnotes":""},"class_list":["post-3085","page","type-page","status-publish","hentry"],"acf":[],"yoast_head":"<!-- This site is optimized with the Yoast SEO plugin v25.7 - https:\/\/yoast.com\/wordpress\/plugins\/seo\/ -->\n<title>Championnat provincial Mineur - F\u00e9d\u00e9ration Qu\u00e9b\u00e9cois de Ballon sur Glace<\/title>\n<meta name=\"robots\" content=\"index, follow, max-snippet:-1, max-image-preview:large, max-video-preview:-1\" \/>\n<link rel=\"canonical\" href=\"https:\/\/ballonsurglace.com\/en\/mineur\/\" \/>\n<meta property=\"og:locale\" content=\"en_US\" \/>\n<meta property=\"og:type\" content=\"article\" \/>\n<meta property=\"og:title\" content=\"Championnat provincial Mineur - F\u00e9d\u00e9ration Qu\u00e9b\u00e9cois de Ballon sur Glace\" \/>\n<meta property=\"og:description\" content=\"April 18-19-20th 2025 &nbsp; EVENT PARTNER :\u00a0 &nbsp; REGISTRATIONS : ALL TEAMS MUST BE AFFILIATED TO PARTICIPATE IN THE MINOR PROVINCIAL CHAMPIONSHIP. \ud83d\udc49 More information on affiliation below. Online Registration via your FQBG Account Registration Fees: M8 \u2013 $250 M10 \u2013 $420 M12 (M&amp;F) \u2013 $420 M14 (M&amp;F) \u2013 $485 M16 (M&amp;F) \u2013 $485 M19 [&hellip;]\" \/>\n<meta property=\"og:url\" content=\"https:\/\/ballonsurglace.com\/en\/mineur\/\" \/>\n<meta property=\"og:site_name\" content=\"F\u00e9d\u00e9ration Qu\u00e9b\u00e9cois de Ballon sur Glace\" \/>\n<meta property=\"article:modified_time\" content=\"2025-01-30T15:46:24+00:00\" \/>\n<meta property=\"og:image\" content=\"http:\/\/ballonsurglace.com\/wp-content\/uploads\/sites\/245\/2025\/01\/BSGMT_logo_RVB_Couleurs-scaled.jpg\" \/>\n<meta name=\"twitter:card\" content=\"summary_large_image\" \/>\n<meta name=\"twitter:label1\" content=\"Est. reading time\" \/>\n\t<meta name=\"twitter:data1\" content=\"3 minutes\" \/>\n<script type=\"application\/ld+json\" class=\"yoast-schema-graph\">{\"@context\":\"https:\/\/schema.org\",\"@graph\":[{\"@type\":\"WebPage\",\"@id\":\"https:\/\/ballonsurglace.com\/en\/mineur\/\",\"url\":\"https:\/\/ballonsurglace.com\/en\/mineur\/\",\"name\":\"Championnat provincial Mineur - F\u00e9d\u00e9ration Qu\u00e9b\u00e9cois de Ballon sur Glace\",\"isPartOf\":{\"@id\":\"https:\/\/ballonsurglace.com\/#website\"},\"primaryImageOfPage\":{\"@id\":\"https:\/\/ballonsurglace.com\/en\/mineur\/#primaryimage\"},\"image\":{\"@id\":\"https:\/\/ballonsurglace.com\/en\/mineur\/#primaryimage\"},\"thumbnailUrl\":\"http:\/\/ballonsurglace.com\/wp-content\/uploads\/sites\/245\/2025\/01\/BSGMT_logo_RVB_Couleurs-scaled.jpg\",\"datePublished\":\"2018-10-19T17:50:47+00:00\",\"dateModified\":\"2025-01-30T15:46:24+00:00\",\"breadcrumb\":{\"@id\":\"https:\/\/ballonsurglace.com\/en\/mineur\/#breadcrumb\"},\"inLanguage\":\"en-US\",\"potentialAction\":[{\"@type\":\"ReadAction\",\"target\":[\"https:\/\/ballonsurglace.com\/en\/mineur\/\"]}]},{\"@type\":\"ImageObject\",\"inLanguage\":\"en-US\",\"@id\":\"https:\/\/ballonsurglace.com\/en\/mineur\/#primaryimage\",\"url\":\"http:\/\/ballonsurglace.com\/wp-content\/uploads\/sites\/245\/2025\/01\/BSGMT_logo_RVB_Couleurs-scaled.jpg\",\"contentUrl\":\"http:\/\/ballonsurglace.com\/wp-content\/uploads\/sites\/245\/2025\/01\/BSGMT_logo_RVB_Couleurs-scaled.jpg\"},{\"@type\":\"BreadcrumbList\",\"@id\":\"https:\/\/ballonsurglace.com\/en\/mineur\/#breadcrumb\",\"itemListElement\":[{\"@type\":\"ListItem\",\"position\":1,\"name\":\"Accueil\",\"item\":\"https:\/\/ballonsurglace.com\/en\/\"},{\"@type\":\"ListItem\",\"position\":2,\"name\":\"Championnat provincial Mineur\"}]},{\"@type\":\"WebSite\",\"@id\":\"https:\/\/ballonsurglace.com\/#website\",\"url\":\"https:\/\/ballonsurglace.com\/\",\"name\":\"F\u00e9d\u00e9ration Qu\u00e9b\u00e9cois de Ballon sur Glace\",\"description\":\"Un site utilisant Les sites de Ligue nord am\u00e9ricaine de hockey\",\"potentialAction\":[{\"@type\":\"SearchAction\",\"target\":{\"@type\":\"EntryPoint\",\"urlTemplate\":\"https:\/\/ballonsurglace.com\/?s={search_term_string}\"},\"query-input\":{\"@type\":\"PropertyValueSpecification\",\"valueRequired\":true,\"valueName\":\"search_term_string\"}}],\"inLanguage\":\"en-US\"}]}<\/script>\n<!-- \/ Yoast SEO plugin. -->","yoast_head_json":{"title":"Championnat provincial Mineur - F\u00e9d\u00e9ration Qu\u00e9b\u00e9cois de Ballon sur Glace","robots":{"index":"index","follow":"follow","max-snippet":"max-snippet:-1","max-image-preview":"max-image-preview:large","max-video-preview":"max-video-preview:-1"},"canonical":"https:\/\/ballonsurglace.com\/en\/mineur\/","og_locale":"en_US","og_type":"article","og_title":"Championnat provincial Mineur - F\u00e9d\u00e9ration Qu\u00e9b\u00e9cois de Ballon sur Glace","og_description":"April 18-19-20th 2025 &nbsp; EVENT PARTNER :\u00a0 &nbsp; REGISTRATIONS : ALL TEAMS MUST BE AFFILIATED TO PARTICIPATE IN THE MINOR PROVINCIAL CHAMPIONSHIP. \ud83d\udc49 More information on affiliation below. Online Registration via your FQBG Account Registration Fees: M8 \u2013 $250 M10 \u2013 $420 M12 (M&amp;F) \u2013 $420 M14 (M&amp;F) \u2013 $485 M16 (M&amp;F) \u2013 $485 M19 [&hellip;]","og_url":"https:\/\/ballonsurglace.com\/en\/mineur\/","og_site_name":"F\u00e9d\u00e9ration Qu\u00e9b\u00e9cois de Ballon sur Glace","article_modified_time":"2025-01-30T15:46:24+00:00","og_image":[{"url":"http:\/\/ballonsurglace.com\/wp-content\/uploads\/sites\/245\/2025\/01\/BSGMT_logo_RVB_Couleurs-scaled.jpg","type":"","width":"","height":""}],"twitter_card":"summary_large_image","twitter_misc":{"Est. reading time":"3 minutes"},"schema":{"@context":"https:\/\/schema.org","@graph":[{"@type":"WebPage","@id":"https:\/\/ballonsurglace.com\/en\/mineur\/","url":"https:\/\/ballonsurglace.com\/en\/mineur\/","name":"Championnat provincial Mineur - F\u00e9d\u00e9ration Qu\u00e9b\u00e9cois de Ballon sur Glace","isPartOf":{"@id":"https:\/\/ballonsurglace.com\/#website"},"primaryImageOfPage":{"@id":"https:\/\/ballonsurglace.com\/en\/mineur\/#primaryimage"},"image":{"@id":"https:\/\/ballonsurglace.com\/en\/mineur\/#primaryimage"},"thumbnailUrl":"http:\/\/ballonsurglace.com\/wp-content\/uploads\/sites\/245\/2025\/01\/BSGMT_logo_RVB_Couleurs-scaled.jpg","datePublished":"2018-10-19T17:50:47+00:00","dateModified":"2025-01-30T15:46:24+00:00","breadcrumb":{"@id":"https:\/\/ballonsurglace.com\/en\/mineur\/#breadcrumb"},"inLanguage":"en-US","potentialAction":[{"@type":"ReadAction","target":["https:\/\/ballonsurglace.com\/en\/mineur\/"]}]},{"@type":"ImageObject","inLanguage":"en-US","@id":"https:\/\/ballonsurglace.com\/en\/mineur\/#primaryimage","url":"http:\/\/ballonsurglace.com\/wp-content\/uploads\/sites\/245\/2025\/01\/BSGMT_logo_RVB_Couleurs-scaled.jpg","contentUrl":"http:\/\/ballonsurglace.com\/wp-content\/uploads\/sites\/245\/2025\/01\/BSGMT_logo_RVB_Couleurs-scaled.jpg"},{"@type":"BreadcrumbList","@id":"https:\/\/ballonsurglace.com\/en\/mineur\/#breadcrumb","itemListElement":[{"@type":"ListItem","position":1,"name":"Accueil","item":"https:\/\/ballonsurglace.com\/en\/"},{"@type":"ListItem","position":2,"name":"Championnat provincial Mineur"}]},{"@type":"WebSite","@id":"https:\/\/ballonsurglace.com\/#website","url":"https:\/\/ballonsurglace.com\/","name":"F\u00e9d\u00e9ration Qu\u00e9b\u00e9cois de Ballon sur Glace","description":"Un site utilisant Les sites de Ligue nord am\u00e9ricaine de hockey","potentialAction":[{"@type":"SearchAction","target":{"@type":"EntryPoint","urlTemplate":"https:\/\/ballonsurglace.com\/?s={search_term_string}"},"query-input":{"@type":"PropertyValueSpecification","valueRequired":true,"valueName":"search_term_string"}}],"inLanguage":"en-US"}]}},"_links":{"self":[{"href":"https:\/\/ballonsurglace.com\/en\/wp-json\/wp\/v2\/pages\/3085","targetHints":{"allow":["GET"]}}],"collection":[{"href":"https:\/\/ballonsurglace.com\/en\/wp-json\/wp\/v2\/pages"}],"about":[{"href":"https:\/\/ballonsurglace.com\/en\/wp-json\/wp\/v2\/types\/page"}],"author":[{"embeddable":true,"href":"https:\/\/ballonsurglace.com\/en\/wp-json\/wp\/v2\/users\/85"}],"replies":[{"embeddable":true,"href":"https:\/\/ballonsurglace.com\/en\/wp-json\/wp\/v2\/comments?post=3085"}],"version-history":[{"count":25,"href":"https:\/\/ballonsurglace.com\/en\/wp-json\/wp\/v2\/pages\/3085\/revisions"}],"predecessor-version":[{"id":11060,"href":"https:\/\/ballonsurglace.com\/en\/wp-json\/wp\/v2\/pages\/3085\/revisions\/11060"}],"wp:attachment":[{"href":"https:\/\/ballonsurglace.com\/en\/wp-json\/wp\/v2\/media?parent=3085"}],"curies":[{"name":"wp","href":"https:\/\/api.w.org\/{rel}","templated":true}]}}