{"id":3100,"date":"2018-10-19T13:52:17","date_gmt":"2018-10-19T17:52:17","guid":{"rendered":"http:\/\/ballonsurglace.com\/senior-sans-contact-2019-sayabec\/"},"modified":"2021-02-15T23:38:30","modified_gmt":"2021-02-16T04:38:30","slug":"senior-sans-contact-2019-sayabec","status":"publish","type":"page","link":"https:\/\/ballonsurglace.com\/en\/senior-sans-contact-2019-sayabec\/","title":{"rendered":"Champions cup 2020 &#8211; St-Pierre-les-Becquets"},"content":{"rendered":"<h2 style=\"text-align: center\"><span style=\"font-size: 36pt\"><strong><span class=\"color_5\"><span style=\"color: #ff0000\">CANCELLED<\/span><\/span><\/strong><\/span><\/h2>\n<h2><img loading=\"lazy\" decoding=\"async\" class=\"aligncenter wp-image-5483 size-full\" src=\"http:\/\/ballonsurglace.com\/wp-content\/uploads\/sites\/245\/2020\/01\/logo_20_cc_24-25-oct.png\" alt=\"\" width=\"1200\" height=\"1200\" srcset=\"https:\/\/ballonsurglace.com\/wp-content\/uploads\/sites\/245\/2020\/01\/logo_20_cc_24-25-oct.png 1200w, https:\/\/ballonsurglace.com\/wp-content\/uploads\/sites\/245\/2020\/01\/logo_20_cc_24-25-oct-300x300.png 300w, https:\/\/ballonsurglace.com\/wp-content\/uploads\/sites\/245\/2020\/01\/logo_20_cc_24-25-oct-150x150.png 150w, https:\/\/ballonsurglace.com\/wp-content\/uploads\/sites\/245\/2020\/01\/logo_20_cc_24-25-oct-768x768.png 768w\" sizes=\"(max-width: 1200px) 100vw, 1200px\" \/><\/h2>\n<p>&nbsp;<\/p>\n<p><b><i><span style=\"text-decoration: underline\">Inscription<\/span> : Invitations only\u00a0<\/i><\/b><span style=\"font-size: 10pt\"><i>(1st place of each affiliated league &#8211; season 2019-2020)<\/i><\/span><\/p>\n<p><strong><em><span style=\"text-decoration: underline\">Registration fees<\/span>\u00a0: <\/em><\/strong><strong><em>495$<\/em><\/strong><\/p>\n<p><strong><em><span style=\"text-decoration: underline\">Deadline<\/span>\u00a0: <\/em><\/strong><strong><em>October 5th 2020<\/em><\/strong><\/p>\n<p>&nbsp;<\/p>\n<p><strong>A team needs to be registered at Broomball Quebec to participate<\/strong><\/p>\n<p><span style=\"color: #ff0000\"><strong>How to register ?<\/strong><\/span><\/p>\n<p><span style=\"color: #ff0000\">Each Head coach from a team must :<br \/>\n1. Fill in the <strong>online form<\/strong>\u00a0of your team from your &#8220;My FQBG account&#8221; access, with a computer or cellphone.<br \/>\n<\/span><span style=\"color: #ff0000\">2. <strong>Pay by cheque by mail<\/strong>, or <strong>communicate with FQBG<\/strong> for another type of payment<b>.<\/b><br \/>\n3. After that your <strong>subscription<\/strong> has been accepted, go to<strong> &#8220;Line up&#8221;<\/strong> menu in your FQBG account and fill in your <strong>team roster<\/strong> after choosing your team.\u00a0 It is <strong>changeable<\/strong> until your first game.\u00a0<\/span><\/p>\n<p>To communicate with FQBG :<\/p>\n<p><strong>Alex &#8211; (819) 697-8147 or fqbg.comm@gmail.com<\/strong><\/p>\n<p>_____________________<\/p>\n<p><span style=\"font-size: 14pt\"><strong>RULES\/INFO <span style=\"color: #ff6600\">CHAMPIONS CUP<\/span><\/strong><\/span><\/p>\n<ul>\n<li>A team can represent a LEAGUE or a REGION.<\/li>\n<li>Elite players accepted<\/li>\n<li>A region can be represented only if no league in this region does.<\/li>\n<li>The teams CS Terrebonne and Daniel La Source du sport are invited, being respectively Champions of 2019 Champions Cup and Champions of 2019 Inter A.<\/li>\n<\/ul>\n<p>For a league&#8230;<\/p>\n<ul>\n<li>Only one team per league is accepted in the Champions Cup<\/li>\n<li>Each player has to play in the league which he represents to be eligible.<\/li>\n<\/ul>\n<p>For a region&#8230;<\/p>\n<ul>\n<li>Each player has to come from that region or to live in it actually.<\/li>\n<\/ul>\n<p>_______________________<\/p>\n<p>Specific rules (to come&#8230;)<\/p>\n<p>Rink address :\u00a0185 road 218, St-Pierre-les-Becquets, QC<\/p>\n<p>Lodging: You choose yours.<\/p>\n<p>_______________________<\/p>\n","protected":false},"excerpt":{"rendered":"<p>CANCELLED &nbsp; Inscription : Invitations only\u00a0(1st place of each affiliated league &#8211; season 2019-2020) Registration fees\u00a0: 495$ Deadline\u00a0: October 5th 2020 &nbsp; A team needs to be registered at Broomball Quebec to participate How to register ? Each Head coach from a team must : 1. Fill in the online form\u00a0of your team from your [&hellip;]<\/p>\n","protected":false},"author":85,"featured_media":0,"parent":0,"menu_order":0,"comment_status":"closed","ping_status":"closed","template":"","meta":{"_acf_changed":false,"footnotes":""},"class_list":["post-3100","page","type-page","status-publish","hentry"],"acf":[],"yoast_head":"<!-- This site is optimized with the Yoast SEO plugin v25.7 - https:\/\/yoast.com\/wordpress\/plugins\/seo\/ -->\n<title>Champions cup 2020 - St-Pierre-les-Becquets - F\u00e9d\u00e9ration Qu\u00e9b\u00e9cois de Ballon sur Glace<\/title>\n<meta name=\"robots\" content=\"index, follow, max-snippet:-1, max-image-preview:large, max-video-preview:-1\" \/>\n<link rel=\"canonical\" href=\"https:\/\/ballonsurglace.com\/en\/senior-sans-contact-2019-sayabec\/\" \/>\n<meta property=\"og:locale\" content=\"en_US\" \/>\n<meta property=\"og:type\" content=\"article\" \/>\n<meta property=\"og:title\" content=\"Champions cup 2020 - St-Pierre-les-Becquets - F\u00e9d\u00e9ration Qu\u00e9b\u00e9cois de Ballon sur Glace\" \/>\n<meta property=\"og:description\" content=\"CANCELLED &nbsp; Inscription : Invitations only\u00a0(1st place of each affiliated league &#8211; season 2019-2020) Registration fees\u00a0: 495$ Deadline\u00a0: October 5th 2020 &nbsp; A team needs to be registered at Broomball Quebec to participate How to register ? Each Head coach from a team must : 1. Fill in the online form\u00a0of your team from your [&hellip;]\" \/>\n<meta property=\"og:url\" content=\"https:\/\/ballonsurglace.com\/en\/senior-sans-contact-2019-sayabec\/\" \/>\n<meta property=\"og:site_name\" content=\"F\u00e9d\u00e9ration Qu\u00e9b\u00e9cois de Ballon sur Glace\" \/>\n<meta property=\"article:modified_time\" content=\"2021-02-16T04:38:30+00:00\" \/>\n<meta property=\"og:image\" content=\"http:\/\/ballonsurglace.com\/wp-content\/uploads\/sites\/245\/2020\/01\/logo_20_cc_24-25-oct.png\" \/>\n<meta name=\"twitter:card\" content=\"summary_large_image\" \/>\n<meta name=\"twitter:label1\" content=\"Est. reading time\" \/>\n\t<meta name=\"twitter:data1\" content=\"1 minute\" \/>\n<script type=\"application\/ld+json\" class=\"yoast-schema-graph\">{\"@context\":\"https:\/\/schema.org\",\"@graph\":[{\"@type\":\"WebPage\",\"@id\":\"https:\/\/ballonsurglace.com\/en\/senior-sans-contact-2019-sayabec\/\",\"url\":\"https:\/\/ballonsurglace.com\/en\/senior-sans-contact-2019-sayabec\/\",\"name\":\"Champions cup 2020 - St-Pierre-les-Becquets - F\u00e9d\u00e9ration Qu\u00e9b\u00e9cois de Ballon sur Glace\",\"isPartOf\":{\"@id\":\"https:\/\/ballonsurglace.com\/#website\"},\"primaryImageOfPage\":{\"@id\":\"https:\/\/ballonsurglace.com\/en\/senior-sans-contact-2019-sayabec\/#primaryimage\"},\"image\":{\"@id\":\"https:\/\/ballonsurglace.com\/en\/senior-sans-contact-2019-sayabec\/#primaryimage\"},\"thumbnailUrl\":\"http:\/\/ballonsurglace.com\/wp-content\/uploads\/sites\/245\/2020\/01\/logo_20_cc_24-25-oct.png\",\"datePublished\":\"2018-10-19T17:52:17+00:00\",\"dateModified\":\"2021-02-16T04:38:30+00:00\",\"breadcrumb\":{\"@id\":\"https:\/\/ballonsurglace.com\/en\/senior-sans-contact-2019-sayabec\/#breadcrumb\"},\"inLanguage\":\"en-US\",\"potentialAction\":[{\"@type\":\"ReadAction\",\"target\":[\"https:\/\/ballonsurglace.com\/en\/senior-sans-contact-2019-sayabec\/\"]}]},{\"@type\":\"ImageObject\",\"inLanguage\":\"en-US\",\"@id\":\"https:\/\/ballonsurglace.com\/en\/senior-sans-contact-2019-sayabec\/#primaryimage\",\"url\":\"http:\/\/ballonsurglace.com\/wp-content\/uploads\/sites\/245\/2020\/01\/logo_20_cc_24-25-oct.png\",\"contentUrl\":\"http:\/\/ballonsurglace.com\/wp-content\/uploads\/sites\/245\/2020\/01\/logo_20_cc_24-25-oct.png\"},{\"@type\":\"BreadcrumbList\",\"@id\":\"https:\/\/ballonsurglace.com\/en\/senior-sans-contact-2019-sayabec\/#breadcrumb\",\"itemListElement\":[{\"@type\":\"ListItem\",\"position\":1,\"name\":\"Accueil\",\"item\":\"https:\/\/ballonsurglace.com\/en\/\"},{\"@type\":\"ListItem\",\"position\":2,\"name\":\"Champions cup 2020 &#8211; St-Pierre-les-Becquets\"}]},{\"@type\":\"WebSite\",\"@id\":\"https:\/\/ballonsurglace.com\/#website\",\"url\":\"https:\/\/ballonsurglace.com\/\",\"name\":\"F\u00e9d\u00e9ration Qu\u00e9b\u00e9cois de Ballon sur Glace\",\"description\":\"Un site utilisant Les sites de Ligue nord am\u00e9ricaine de hockey\",\"potentialAction\":[{\"@type\":\"SearchAction\",\"target\":{\"@type\":\"EntryPoint\",\"urlTemplate\":\"https:\/\/ballonsurglace.com\/?s={search_term_string}\"},\"query-input\":{\"@type\":\"PropertyValueSpecification\",\"valueRequired\":true,\"valueName\":\"search_term_string\"}}],\"inLanguage\":\"en-US\"}]}<\/script>\n<!-- \/ Yoast SEO plugin. -->","yoast_head_json":{"title":"Champions cup 2020 - St-Pierre-les-Becquets - F\u00e9d\u00e9ration Qu\u00e9b\u00e9cois de Ballon sur Glace","robots":{"index":"index","follow":"follow","max-snippet":"max-snippet:-1","max-image-preview":"max-image-preview:large","max-video-preview":"max-video-preview:-1"},"canonical":"https:\/\/ballonsurglace.com\/en\/senior-sans-contact-2019-sayabec\/","og_locale":"en_US","og_type":"article","og_title":"Champions cup 2020 - St-Pierre-les-Becquets - F\u00e9d\u00e9ration Qu\u00e9b\u00e9cois de Ballon sur Glace","og_description":"CANCELLED &nbsp; Inscription : Invitations only\u00a0(1st place of each affiliated league &#8211; season 2019-2020) Registration fees\u00a0: 495$ Deadline\u00a0: October 5th 2020 &nbsp; A team needs to be registered at Broomball Quebec to participate How to register ? Each Head coach from a team must : 1. Fill in the online form\u00a0of your team from your [&hellip;]","og_url":"https:\/\/ballonsurglace.com\/en\/senior-sans-contact-2019-sayabec\/","og_site_name":"F\u00e9d\u00e9ration Qu\u00e9b\u00e9cois de Ballon sur Glace","article_modified_time":"2021-02-16T04:38:30+00:00","og_image":[{"url":"http:\/\/ballonsurglace.com\/wp-content\/uploads\/sites\/245\/2020\/01\/logo_20_cc_24-25-oct.png","type":"","width":"","height":""}],"twitter_card":"summary_large_image","twitter_misc":{"Est. reading time":"1 minute"},"schema":{"@context":"https:\/\/schema.org","@graph":[{"@type":"WebPage","@id":"https:\/\/ballonsurglace.com\/en\/senior-sans-contact-2019-sayabec\/","url":"https:\/\/ballonsurglace.com\/en\/senior-sans-contact-2019-sayabec\/","name":"Champions cup 2020 - St-Pierre-les-Becquets - F\u00e9d\u00e9ration Qu\u00e9b\u00e9cois de Ballon sur Glace","isPartOf":{"@id":"https:\/\/ballonsurglace.com\/#website"},"primaryImageOfPage":{"@id":"https:\/\/ballonsurglace.com\/en\/senior-sans-contact-2019-sayabec\/#primaryimage"},"image":{"@id":"https:\/\/ballonsurglace.com\/en\/senior-sans-contact-2019-sayabec\/#primaryimage"},"thumbnailUrl":"http:\/\/ballonsurglace.com\/wp-content\/uploads\/sites\/245\/2020\/01\/logo_20_cc_24-25-oct.png","datePublished":"2018-10-19T17:52:17+00:00","dateModified":"2021-02-16T04:38:30+00:00","breadcrumb":{"@id":"https:\/\/ballonsurglace.com\/en\/senior-sans-contact-2019-sayabec\/#breadcrumb"},"inLanguage":"en-US","potentialAction":[{"@type":"ReadAction","target":["https:\/\/ballonsurglace.com\/en\/senior-sans-contact-2019-sayabec\/"]}]},{"@type":"ImageObject","inLanguage":"en-US","@id":"https:\/\/ballonsurglace.com\/en\/senior-sans-contact-2019-sayabec\/#primaryimage","url":"http:\/\/ballonsurglace.com\/wp-content\/uploads\/sites\/245\/2020\/01\/logo_20_cc_24-25-oct.png","contentUrl":"http:\/\/ballonsurglace.com\/wp-content\/uploads\/sites\/245\/2020\/01\/logo_20_cc_24-25-oct.png"},{"@type":"BreadcrumbList","@id":"https:\/\/ballonsurglace.com\/en\/senior-sans-contact-2019-sayabec\/#breadcrumb","itemListElement":[{"@type":"ListItem","position":1,"name":"Accueil","item":"https:\/\/ballonsurglace.com\/en\/"},{"@type":"ListItem","position":2,"name":"Champions cup 2020 &#8211; St-Pierre-les-Becquets"}]},{"@type":"WebSite","@id":"https:\/\/ballonsurglace.com\/#website","url":"https:\/\/ballonsurglace.com\/","name":"F\u00e9d\u00e9ration Qu\u00e9b\u00e9cois de Ballon sur Glace","description":"Un site utilisant Les sites de Ligue nord am\u00e9ricaine de hockey","potentialAction":[{"@type":"SearchAction","target":{"@type":"EntryPoint","urlTemplate":"https:\/\/ballonsurglace.com\/?s={search_term_string}"},"query-input":{"@type":"PropertyValueSpecification","valueRequired":true,"valueName":"search_term_string"}}],"inLanguage":"en-US"}]}},"_links":{"self":[{"href":"https:\/\/ballonsurglace.com\/en\/wp-json\/wp\/v2\/pages\/3100","targetHints":{"allow":["GET"]}}],"collection":[{"href":"https:\/\/ballonsurglace.com\/en\/wp-json\/wp\/v2\/pages"}],"about":[{"href":"https:\/\/ballonsurglace.com\/en\/wp-json\/wp\/v2\/types\/page"}],"author":[{"embeddable":true,"href":"https:\/\/ballonsurglace.com\/en\/wp-json\/wp\/v2\/users\/85"}],"replies":[{"embeddable":true,"href":"https:\/\/ballonsurglace.com\/en\/wp-json\/wp\/v2\/comments?post=3100"}],"version-history":[{"count":14,"href":"https:\/\/ballonsurglace.com\/en\/wp-json\/wp\/v2\/pages\/3100\/revisions"}],"predecessor-version":[{"id":6444,"href":"https:\/\/ballonsurglace.com\/en\/wp-json\/wp\/v2\/pages\/3100\/revisions\/6444"}],"wp:attachment":[{"href":"https:\/\/ballonsurglace.com\/en\/wp-json\/wp\/v2\/media?parent=3100"}],"curies":[{"name":"wp","href":"https:\/\/api.w.org\/{rel}","templated":true}]}}