{"id":3118,"date":"2018-10-19T13:51:40","date_gmt":"2018-10-19T17:51:40","guid":{"rendered":"http:\/\/ballonsurglace.com\/senior-elite-2019-st-leonard-daston\/"},"modified":"2021-12-16T12:51:01","modified_gmt":"2021-12-16T17:51:01","slug":"senior-elite-2019-st-leonard-daston","status":"publish","type":"page","link":"https:\/\/ballonsurglace.com\/en\/senior-elite-2019-st-leonard-daston\/","title":{"rendered":"Senior Elite Provincials 2021 &#8211; TBA"},"content":{"rendered":"<h2 style=\"text-align: center\"><\/h2>\n<h2 style=\"text-align: center\">Senior Elite Provincials<\/h2>\n<h4 style=\"text-align: center\"><i><u>Alma, QC<\/u><\/i><\/h4>\n<p style=\"text-align: center\"><strong>March 11-12-13th<\/strong><\/p>\n<p>&nbsp;<\/p>\n<p><strong><em>Registration deadline : February 6th <u>2021<\/u><\/em><\/strong><\/p>\n<p><strong><em>Registration fees : <\/em><\/strong><strong><em>550$<\/em><\/strong><\/p>\n<p>&nbsp;<\/p>\n<p><span style=\"color: #ff0000\"><strong>How to register ?<\/strong><\/span><\/p>\n<p><span style=\"color: #ff0000\">Each Head coach from a team must :<\/span><br \/>\n<span style=\"color: #ff0000\">1. Fill in the\u00a0<strong>online form<\/strong>\u00a0for each team from your \u201c<a href=\"https:\/\/ballonsurglace.com\/secure\/dashboard.php\">My FQBG accoun<\/a>t\u201d access, with a computer or cellphone.<\/span><br \/>\n<span style=\"color: #ff0000\">2.\u00a0<strong>Pay online<\/strong>\u00a0with the platform, or\u00a0<strong>communicate with FQBG<\/strong>\u00a0for another type of payment<b>.<\/b><\/span><br \/>\n<span style=\"color: #ff0000\">3. After that your\u00a0<strong>subscription<\/strong>\u00a0has been accepted, go to<strong>\u00a0\u201cLine up\u201d<\/strong>\u00a0menu in your FQBG account and fill in your\u00a0<strong>team roster<\/strong>\u00a0after choosing your team.\u00a0 It is\u00a0<strong>changeable<\/strong>\u00a0until your first game.\u00a0<\/span><\/p>\n<p><strong><span style=\"text-decoration: underline\">Pay your registration fees in the appropriate delay.<\/span><\/strong><\/p>\n<p><span style=\"color: #ff0000\">4 ways to pay :<br \/>\n&#8211; Pay Online on MY FQBG ACCOUNT<br \/>\n<\/span><span style=\"color: #ff0000\">&#8211; Send your cheque to the FQBG by mail.<br \/>\n&#8211; etransfer at fqbg.comm@gmail.com<br \/>\n&#8211; Bank transfer on FQBG&#8217;s bank infos<\/span><\/p>\n<p>To communicate with FQBG :<\/p>\n<p><strong>Alex &#8211; (819) 697-8147 or fqbg.comm@gmail.com<\/strong><\/p>\n<p>______________________<\/p>\n<p><span style=\"text-decoration: underline\">Official LODGING<\/span> :<\/p>\n<ul>\n<li>Travelodge<\/li>\n<li>Hotel Universel<\/li>\n<\/ul>\n<p>______________________<\/p>\n<p>ARENAS<\/p>\n<ul>\n<li>Centre Sportif Mistook<\/li>\n<\/ul>\n<p>______________________<\/p>\n<ul>\n<li>Specific rules (soon available)<\/li>\n<\/ul>\n","protected":false},"excerpt":{"rendered":"<p>Senior Elite Provincials Alma, QC March 11-12-13th &nbsp; Registration deadline : February 6th 2021 Registration fees : 550$ &nbsp; How to register ? Each Head coach from a team must : 1. Fill in the\u00a0online form\u00a0for each team from your \u201cMy FQBG account\u201d access, with a computer or cellphone. 2.\u00a0Pay online\u00a0with the platform, or\u00a0communicate with [&hellip;]<\/p>\n","protected":false},"author":85,"featured_media":0,"parent":0,"menu_order":0,"comment_status":"closed","ping_status":"closed","template":"","meta":{"_acf_changed":false,"footnotes":""},"class_list":["post-3118","page","type-page","status-publish","hentry"],"acf":[],"yoast_head":"<!-- This site is optimized with the Yoast SEO plugin v25.7 - https:\/\/yoast.com\/wordpress\/plugins\/seo\/ -->\n<title>Senior Elite Provincials 2021 - TBA - F\u00e9d\u00e9ration Qu\u00e9b\u00e9cois de Ballon sur Glace<\/title>\n<meta name=\"robots\" content=\"index, follow, max-snippet:-1, max-image-preview:large, max-video-preview:-1\" \/>\n<link rel=\"canonical\" href=\"https:\/\/ballonsurglace.com\/en\/senior-elite-2019-st-leonard-daston\/\" \/>\n<meta property=\"og:locale\" content=\"en_US\" \/>\n<meta property=\"og:type\" content=\"article\" \/>\n<meta property=\"og:title\" content=\"Senior Elite Provincials 2021 - TBA - F\u00e9d\u00e9ration Qu\u00e9b\u00e9cois de Ballon sur Glace\" \/>\n<meta property=\"og:description\" content=\"Senior Elite Provincials Alma, QC March 11-12-13th &nbsp; Registration deadline : February 6th 2021 Registration fees : 550$ &nbsp; How to register ? Each Head coach from a team must : 1. Fill in the\u00a0online form\u00a0for each team from your \u201cMy FQBG account\u201d access, with a computer or cellphone. 2.\u00a0Pay online\u00a0with the platform, or\u00a0communicate with [&hellip;]\" \/>\n<meta property=\"og:url\" content=\"https:\/\/ballonsurglace.com\/en\/senior-elite-2019-st-leonard-daston\/\" \/>\n<meta property=\"og:site_name\" content=\"F\u00e9d\u00e9ration Qu\u00e9b\u00e9cois de Ballon sur Glace\" \/>\n<meta property=\"article:modified_time\" content=\"2021-12-16T17:51:01+00:00\" \/>\n<meta name=\"twitter:card\" content=\"summary_large_image\" \/>\n<meta name=\"twitter:label1\" content=\"Est. reading time\" \/>\n\t<meta name=\"twitter:data1\" content=\"1 minute\" \/>\n<script type=\"application\/ld+json\" class=\"yoast-schema-graph\">{\"@context\":\"https:\/\/schema.org\",\"@graph\":[{\"@type\":\"WebPage\",\"@id\":\"https:\/\/ballonsurglace.com\/en\/senior-elite-2019-st-leonard-daston\/\",\"url\":\"https:\/\/ballonsurglace.com\/en\/senior-elite-2019-st-leonard-daston\/\",\"name\":\"Senior Elite Provincials 2021 - TBA - F\u00e9d\u00e9ration Qu\u00e9b\u00e9cois de Ballon sur Glace\",\"isPartOf\":{\"@id\":\"https:\/\/ballonsurglace.com\/#website\"},\"datePublished\":\"2018-10-19T17:51:40+00:00\",\"dateModified\":\"2021-12-16T17:51:01+00:00\",\"breadcrumb\":{\"@id\":\"https:\/\/ballonsurglace.com\/en\/senior-elite-2019-st-leonard-daston\/#breadcrumb\"},\"inLanguage\":\"en-US\",\"potentialAction\":[{\"@type\":\"ReadAction\",\"target\":[\"https:\/\/ballonsurglace.com\/en\/senior-elite-2019-st-leonard-daston\/\"]}]},{\"@type\":\"BreadcrumbList\",\"@id\":\"https:\/\/ballonsurglace.com\/en\/senior-elite-2019-st-leonard-daston\/#breadcrumb\",\"itemListElement\":[{\"@type\":\"ListItem\",\"position\":1,\"name\":\"Accueil\",\"item\":\"https:\/\/ballonsurglace.com\/en\/\"},{\"@type\":\"ListItem\",\"position\":2,\"name\":\"Senior Elite Provincials 2021 &#8211; TBA\"}]},{\"@type\":\"WebSite\",\"@id\":\"https:\/\/ballonsurglace.com\/#website\",\"url\":\"https:\/\/ballonsurglace.com\/\",\"name\":\"F\u00e9d\u00e9ration Qu\u00e9b\u00e9cois de Ballon sur Glace\",\"description\":\"Un site utilisant Les sites de Ligue nord am\u00e9ricaine de hockey\",\"potentialAction\":[{\"@type\":\"SearchAction\",\"target\":{\"@type\":\"EntryPoint\",\"urlTemplate\":\"https:\/\/ballonsurglace.com\/?s={search_term_string}\"},\"query-input\":{\"@type\":\"PropertyValueSpecification\",\"valueRequired\":true,\"valueName\":\"search_term_string\"}}],\"inLanguage\":\"en-US\"}]}<\/script>\n<!-- \/ Yoast SEO plugin. -->","yoast_head_json":{"title":"Senior Elite Provincials 2021 - TBA - F\u00e9d\u00e9ration Qu\u00e9b\u00e9cois de Ballon sur Glace","robots":{"index":"index","follow":"follow","max-snippet":"max-snippet:-1","max-image-preview":"max-image-preview:large","max-video-preview":"max-video-preview:-1"},"canonical":"https:\/\/ballonsurglace.com\/en\/senior-elite-2019-st-leonard-daston\/","og_locale":"en_US","og_type":"article","og_title":"Senior Elite Provincials 2021 - TBA - F\u00e9d\u00e9ration Qu\u00e9b\u00e9cois de Ballon sur Glace","og_description":"Senior Elite Provincials Alma, QC March 11-12-13th &nbsp; Registration deadline : February 6th 2021 Registration fees : 550$ &nbsp; How to register ? Each Head coach from a team must : 1. Fill in the\u00a0online form\u00a0for each team from your \u201cMy FQBG account\u201d access, with a computer or cellphone. 2.\u00a0Pay online\u00a0with the platform, or\u00a0communicate with [&hellip;]","og_url":"https:\/\/ballonsurglace.com\/en\/senior-elite-2019-st-leonard-daston\/","og_site_name":"F\u00e9d\u00e9ration Qu\u00e9b\u00e9cois de Ballon sur Glace","article_modified_time":"2021-12-16T17:51:01+00:00","twitter_card":"summary_large_image","twitter_misc":{"Est. reading time":"1 minute"},"schema":{"@context":"https:\/\/schema.org","@graph":[{"@type":"WebPage","@id":"https:\/\/ballonsurglace.com\/en\/senior-elite-2019-st-leonard-daston\/","url":"https:\/\/ballonsurglace.com\/en\/senior-elite-2019-st-leonard-daston\/","name":"Senior Elite Provincials 2021 - TBA - F\u00e9d\u00e9ration Qu\u00e9b\u00e9cois de Ballon sur Glace","isPartOf":{"@id":"https:\/\/ballonsurglace.com\/#website"},"datePublished":"2018-10-19T17:51:40+00:00","dateModified":"2021-12-16T17:51:01+00:00","breadcrumb":{"@id":"https:\/\/ballonsurglace.com\/en\/senior-elite-2019-st-leonard-daston\/#breadcrumb"},"inLanguage":"en-US","potentialAction":[{"@type":"ReadAction","target":["https:\/\/ballonsurglace.com\/en\/senior-elite-2019-st-leonard-daston\/"]}]},{"@type":"BreadcrumbList","@id":"https:\/\/ballonsurglace.com\/en\/senior-elite-2019-st-leonard-daston\/#breadcrumb","itemListElement":[{"@type":"ListItem","position":1,"name":"Accueil","item":"https:\/\/ballonsurglace.com\/en\/"},{"@type":"ListItem","position":2,"name":"Senior Elite Provincials 2021 &#8211; TBA"}]},{"@type":"WebSite","@id":"https:\/\/ballonsurglace.com\/#website","url":"https:\/\/ballonsurglace.com\/","name":"F\u00e9d\u00e9ration Qu\u00e9b\u00e9cois de Ballon sur Glace","description":"Un site utilisant Les sites de Ligue nord am\u00e9ricaine de hockey","potentialAction":[{"@type":"SearchAction","target":{"@type":"EntryPoint","urlTemplate":"https:\/\/ballonsurglace.com\/?s={search_term_string}"},"query-input":{"@type":"PropertyValueSpecification","valueRequired":true,"valueName":"search_term_string"}}],"inLanguage":"en-US"}]}},"_links":{"self":[{"href":"https:\/\/ballonsurglace.com\/en\/wp-json\/wp\/v2\/pages\/3118","targetHints":{"allow":["GET"]}}],"collection":[{"href":"https:\/\/ballonsurglace.com\/en\/wp-json\/wp\/v2\/pages"}],"about":[{"href":"https:\/\/ballonsurglace.com\/en\/wp-json\/wp\/v2\/types\/page"}],"author":[{"embeddable":true,"href":"https:\/\/ballonsurglace.com\/en\/wp-json\/wp\/v2\/users\/85"}],"replies":[{"embeddable":true,"href":"https:\/\/ballonsurglace.com\/en\/wp-json\/wp\/v2\/comments?post=3118"}],"version-history":[{"count":12,"href":"https:\/\/ballonsurglace.com\/en\/wp-json\/wp\/v2\/pages\/3118\/revisions"}],"predecessor-version":[{"id":7407,"href":"https:\/\/ballonsurglace.com\/en\/wp-json\/wp\/v2\/pages\/3118\/revisions\/7407"}],"wp:attachment":[{"href":"https:\/\/ballonsurglace.com\/en\/wp-json\/wp\/v2\/media?parent=3118"}],"curies":[{"name":"wp","href":"https:\/\/api.w.org\/{rel}","templated":true}]}}