{"id":3145,"date":"2018-09-20T12:51:43","date_gmt":"2018-09-20T16:51:43","guid":{"rendered":"http:\/\/ballonsurglace.com\/sante-securite\/"},"modified":"2019-11-12T16:16:24","modified_gmt":"2019-11-12T21:16:24","slug":"sante-securite","status":"publish","type":"page","link":"https:\/\/ballonsurglace.com\/en\/sante-securite\/","title":{"rendered":"Policies and codes"},"content":{"rendered":"<p><a href=\"http:\/\/ballonsurglace.com\/wp-content\/uploads\/sites\/245\/2019\/10\/FQBG-Code-de-conduite-et-d\u00e9thique.pdf\"><span style=\"font-size: 14pt\">Ethic code (FR)<\/span><\/a><\/p>\n<p><a href=\"http:\/\/ballonsurglace.com\/wp-content\/uploads\/sites\/245\/2019\/10\/FQBG-politique_Gestion_conflits_procedure.pdf\"><span style=\"font-size: 14pt\">Conflict management policy (FR)<\/span><\/a><\/p>\n<p><a href=\"http:\/\/ballonsurglace.com\/wp-content\/uploads\/sites\/245\/2019\/10\/FQBG-politique-en-mati\u00e8re-de-conflit-dint\u00e9r\u00eats.pdf\"><span style=\"font-size: 14pt\">Conflict of interest policy (FR)<\/span><\/a><\/p>\n<p><a href=\"http:\/\/ballonsurglace.com\/wp-content\/uploads\/sites\/245\/2019\/10\/FQBG-politique-antecedents-judiciaires.pdf\"><span style=\"font-size: 14pt\">Judicial antecedent policy (FR)<\/span><\/a><\/p>\n<p><strong><span style=\"font-size: 14pt\">Security info :<\/span><\/strong><\/p>\n<p><a href=\"http:\/\/ballonsurglace.com\/wp-content\/uploads\/sites\/245\/2019\/11\/Commotions-cerebrales_Fiche_suivi_FR.pdf\">Form &#8211; following concussions (FR)<\/a><\/p>\n<p><a href=\"http:\/\/ballonsurglace.com\/wp-content\/uploads\/sites\/245\/2019\/11\/Protocole_de_gestion_des_commotions_cerebrales_FR.pdf\">Protocol &#8211; concussions<\/a><\/p>\n<p><a href=\"http:\/\/ballonsurglace.com\/wp-content\/uploads\/sites\/245\/2018\/09\/r\u00e8gles-s\u00e9curit\u00e9-FQBG.pdf\" target=\"\" rel=\"noopener noreferrer\">Security rules &#8211; FQBG<\/a><\/p>\n<p>&nbsp;<\/p>\n<p>&nbsp;<\/p>\n","protected":false},"excerpt":{"rendered":"<p>Ethic code (FR) Conflict management policy (FR) Conflict of interest policy (FR) Judicial antecedent policy (FR) Security info : Form &#8211; following concussions (FR) Protocol &#8211; concussions Security rules &#8211; FQBG &nbsp; &nbsp;<\/p>\n","protected":false},"author":85,"featured_media":0,"parent":0,"menu_order":0,"comment_status":"closed","ping_status":"closed","template":"","meta":{"_acf_changed":false,"footnotes":""},"class_list":["post-3145","page","type-page","status-publish","hentry"],"acf":[],"yoast_head":"<!-- This site is optimized with the Yoast SEO plugin v25.7 - https:\/\/yoast.com\/wordpress\/plugins\/seo\/ -->\n<title>Policies and codes - F\u00e9d\u00e9ration Qu\u00e9b\u00e9cois de Ballon sur Glace<\/title>\n<meta name=\"robots\" content=\"index, follow, max-snippet:-1, max-image-preview:large, max-video-preview:-1\" \/>\n<link rel=\"canonical\" href=\"https:\/\/ballonsurglace.com\/en\/sante-securite\/\" \/>\n<meta property=\"og:locale\" content=\"en_US\" \/>\n<meta property=\"og:type\" content=\"article\" \/>\n<meta property=\"og:title\" content=\"Policies and codes - F\u00e9d\u00e9ration Qu\u00e9b\u00e9cois de Ballon sur Glace\" \/>\n<meta property=\"og:description\" content=\"Ethic code (FR) Conflict management policy (FR) Conflict of interest policy (FR) Judicial antecedent policy (FR) Security info : Form &#8211; following concussions (FR) Protocol &#8211; concussions Security rules &#8211; FQBG &nbsp; &nbsp;\" \/>\n<meta property=\"og:url\" content=\"https:\/\/ballonsurglace.com\/en\/sante-securite\/\" \/>\n<meta property=\"og:site_name\" content=\"F\u00e9d\u00e9ration Qu\u00e9b\u00e9cois de Ballon sur Glace\" \/>\n<meta property=\"article:modified_time\" content=\"2019-11-12T21:16:24+00:00\" \/>\n<meta name=\"twitter:card\" content=\"summary_large_image\" \/>\n<script type=\"application\/ld+json\" class=\"yoast-schema-graph\">{\"@context\":\"https:\/\/schema.org\",\"@graph\":[{\"@type\":\"WebPage\",\"@id\":\"https:\/\/ballonsurglace.com\/en\/sante-securite\/\",\"url\":\"https:\/\/ballonsurglace.com\/en\/sante-securite\/\",\"name\":\"Policies and codes - F\u00e9d\u00e9ration Qu\u00e9b\u00e9cois de Ballon sur Glace\",\"isPartOf\":{\"@id\":\"https:\/\/ballonsurglace.com\/#website\"},\"datePublished\":\"2018-09-20T16:51:43+00:00\",\"dateModified\":\"2019-11-12T21:16:24+00:00\",\"breadcrumb\":{\"@id\":\"https:\/\/ballonsurglace.com\/en\/sante-securite\/#breadcrumb\"},\"inLanguage\":\"en-US\",\"potentialAction\":[{\"@type\":\"ReadAction\",\"target\":[\"https:\/\/ballonsurglace.com\/en\/sante-securite\/\"]}]},{\"@type\":\"BreadcrumbList\",\"@id\":\"https:\/\/ballonsurglace.com\/en\/sante-securite\/#breadcrumb\",\"itemListElement\":[{\"@type\":\"ListItem\",\"position\":1,\"name\":\"Accueil\",\"item\":\"https:\/\/ballonsurglace.com\/en\/\"},{\"@type\":\"ListItem\",\"position\":2,\"name\":\"Policies and codes\"}]},{\"@type\":\"WebSite\",\"@id\":\"https:\/\/ballonsurglace.com\/#website\",\"url\":\"https:\/\/ballonsurglace.com\/\",\"name\":\"F\u00e9d\u00e9ration Qu\u00e9b\u00e9cois de Ballon sur Glace\",\"description\":\"Un site utilisant Les sites de Ligue nord am\u00e9ricaine de hockey\",\"potentialAction\":[{\"@type\":\"SearchAction\",\"target\":{\"@type\":\"EntryPoint\",\"urlTemplate\":\"https:\/\/ballonsurglace.com\/?s={search_term_string}\"},\"query-input\":{\"@type\":\"PropertyValueSpecification\",\"valueRequired\":true,\"valueName\":\"search_term_string\"}}],\"inLanguage\":\"en-US\"}]}<\/script>\n<!-- \/ Yoast SEO plugin. -->","yoast_head_json":{"title":"Policies and codes - F\u00e9d\u00e9ration Qu\u00e9b\u00e9cois de Ballon sur Glace","robots":{"index":"index","follow":"follow","max-snippet":"max-snippet:-1","max-image-preview":"max-image-preview:large","max-video-preview":"max-video-preview:-1"},"canonical":"https:\/\/ballonsurglace.com\/en\/sante-securite\/","og_locale":"en_US","og_type":"article","og_title":"Policies and codes - F\u00e9d\u00e9ration Qu\u00e9b\u00e9cois de Ballon sur Glace","og_description":"Ethic code (FR) Conflict management policy (FR) Conflict of interest policy (FR) Judicial antecedent policy (FR) Security info : Form &#8211; following concussions (FR) Protocol &#8211; concussions Security rules &#8211; FQBG &nbsp; &nbsp;","og_url":"https:\/\/ballonsurglace.com\/en\/sante-securite\/","og_site_name":"F\u00e9d\u00e9ration Qu\u00e9b\u00e9cois de Ballon sur Glace","article_modified_time":"2019-11-12T21:16:24+00:00","twitter_card":"summary_large_image","schema":{"@context":"https:\/\/schema.org","@graph":[{"@type":"WebPage","@id":"https:\/\/ballonsurglace.com\/en\/sante-securite\/","url":"https:\/\/ballonsurglace.com\/en\/sante-securite\/","name":"Policies and codes - F\u00e9d\u00e9ration Qu\u00e9b\u00e9cois de Ballon sur Glace","isPartOf":{"@id":"https:\/\/ballonsurglace.com\/#website"},"datePublished":"2018-09-20T16:51:43+00:00","dateModified":"2019-11-12T21:16:24+00:00","breadcrumb":{"@id":"https:\/\/ballonsurglace.com\/en\/sante-securite\/#breadcrumb"},"inLanguage":"en-US","potentialAction":[{"@type":"ReadAction","target":["https:\/\/ballonsurglace.com\/en\/sante-securite\/"]}]},{"@type":"BreadcrumbList","@id":"https:\/\/ballonsurglace.com\/en\/sante-securite\/#breadcrumb","itemListElement":[{"@type":"ListItem","position":1,"name":"Accueil","item":"https:\/\/ballonsurglace.com\/en\/"},{"@type":"ListItem","position":2,"name":"Policies and codes"}]},{"@type":"WebSite","@id":"https:\/\/ballonsurglace.com\/#website","url":"https:\/\/ballonsurglace.com\/","name":"F\u00e9d\u00e9ration Qu\u00e9b\u00e9cois de Ballon sur Glace","description":"Un site utilisant Les sites de Ligue nord am\u00e9ricaine de hockey","potentialAction":[{"@type":"SearchAction","target":{"@type":"EntryPoint","urlTemplate":"https:\/\/ballonsurglace.com\/?s={search_term_string}"},"query-input":{"@type":"PropertyValueSpecification","valueRequired":true,"valueName":"search_term_string"}}],"inLanguage":"en-US"}]}},"_links":{"self":[{"href":"https:\/\/ballonsurglace.com\/en\/wp-json\/wp\/v2\/pages\/3145","targetHints":{"allow":["GET"]}}],"collection":[{"href":"https:\/\/ballonsurglace.com\/en\/wp-json\/wp\/v2\/pages"}],"about":[{"href":"https:\/\/ballonsurglace.com\/en\/wp-json\/wp\/v2\/types\/page"}],"author":[{"embeddable":true,"href":"https:\/\/ballonsurglace.com\/en\/wp-json\/wp\/v2\/users\/85"}],"replies":[{"embeddable":true,"href":"https:\/\/ballonsurglace.com\/en\/wp-json\/wp\/v2\/comments?post=3145"}],"version-history":[{"count":5,"href":"https:\/\/ballonsurglace.com\/en\/wp-json\/wp\/v2\/pages\/3145\/revisions"}],"predecessor-version":[{"id":4810,"href":"https:\/\/ballonsurglace.com\/en\/wp-json\/wp\/v2\/pages\/3145\/revisions\/4810"}],"wp:attachment":[{"href":"https:\/\/ballonsurglace.com\/en\/wp-json\/wp\/v2\/media?parent=3145"}],"curies":[{"name":"wp","href":"https:\/\/api.w.org\/{rel}","templated":true}]}}