{"id":3187,"date":"2018-09-20T12:10:31","date_gmt":"2018-09-20T16:10:31","guid":{"rendered":"http:\/\/ballonsurglace.com\/reglements\/"},"modified":"2021-11-08T14:21:08","modified_gmt":"2021-11-08T19:21:08","slug":"reglements","status":"publish","type":"page","link":"https:\/\/ballonsurglace.com\/en\/reglements\/","title":{"rendered":"Rules"},"content":{"rendered":"<h2>Rules<\/h2>\n<p><a href=\"http:\/\/ballonsurglace.com\/wp-content\/uploads\/sites\/245\/2021\/11\/CBF-English-Rulebook-2021-2023.pdf\">Rulebook<\/a> <span style=\"font-size: 10pt\"><em>(Canadian Broomball Federation)<\/em><\/span><\/p>\n<p><a href=\"http:\/\/ballonsurglace.com\/wp-content\/uploads\/sites\/245\/2020\/07\/reglement_generaux_2020-2021.docx\">By-Laws 2019 2020 (FR)<\/a><\/p>\n<p><a href=\"http:\/\/ballonsurglace.com\/wp-content\/uploads\/sites\/245\/2018\/09\/r\u00e8gles-s\u00e9curit\u00e9-FQBG-1.pdf\" target=\"\" rel=\"noopener noreferrer\">FQBG security rules (FR)<\/a><\/p>\n<p><a href=\"http:\/\/www.internationalbroomball.org\/wp-content\/uploads\/2016\/06\/IFBA-Rules-Release-v4-2014-.pdf\">Game rules &#8211; International federation\u00a0<em>(EN)<\/em><\/a><\/p>\n<p><a href=\"http:\/\/ballonsurglace.com\/wp-content\/uploads\/sites\/245\/2019\/08\/bris-d\u00e9galit\u00e9-FQBG.docx\">FQBG tiebreaker rules (FR)<\/a><\/p>\n","protected":false},"excerpt":{"rendered":"<p>Rules Rulebook (Canadian Broomball Federation) By-Laws 2019 2020 (FR) FQBG security rules (FR) Game rules &#8211; International federation\u00a0(EN) FQBG tiebreaker rules (FR)<\/p>\n","protected":false},"author":85,"featured_media":0,"parent":0,"menu_order":0,"comment_status":"closed","ping_status":"closed","template":"","meta":{"_acf_changed":false,"footnotes":""},"class_list":["post-3187","page","type-page","status-publish","hentry"],"acf":[],"yoast_head":"<!-- This site is optimized with the Yoast SEO plugin v25.7 - https:\/\/yoast.com\/wordpress\/plugins\/seo\/ -->\n<title>Rules - F\u00e9d\u00e9ration Qu\u00e9b\u00e9cois de Ballon sur Glace<\/title>\n<meta name=\"robots\" content=\"index, follow, max-snippet:-1, max-image-preview:large, max-video-preview:-1\" \/>\n<link rel=\"canonical\" href=\"https:\/\/ballonsurglace.com\/en\/reglements\/\" \/>\n<meta property=\"og:locale\" content=\"en_US\" \/>\n<meta property=\"og:type\" content=\"article\" \/>\n<meta property=\"og:title\" content=\"Rules - F\u00e9d\u00e9ration Qu\u00e9b\u00e9cois de Ballon sur Glace\" \/>\n<meta property=\"og:description\" content=\"Rules Rulebook (Canadian Broomball Federation) By-Laws 2019 2020 (FR) FQBG security rules (FR) Game rules &#8211; International federation\u00a0(EN) FQBG tiebreaker rules (FR)\" \/>\n<meta property=\"og:url\" content=\"https:\/\/ballonsurglace.com\/en\/reglements\/\" \/>\n<meta property=\"og:site_name\" content=\"F\u00e9d\u00e9ration Qu\u00e9b\u00e9cois de Ballon sur Glace\" \/>\n<meta property=\"article:modified_time\" content=\"2021-11-08T19:21:08+00:00\" \/>\n<meta name=\"twitter:card\" content=\"summary_large_image\" \/>\n<meta name=\"twitter:label1\" content=\"Est. reading time\" \/>\n\t<meta name=\"twitter:data1\" content=\"1 minute\" \/>\n<script type=\"application\/ld+json\" class=\"yoast-schema-graph\">{\"@context\":\"https:\/\/schema.org\",\"@graph\":[{\"@type\":\"WebPage\",\"@id\":\"https:\/\/ballonsurglace.com\/en\/reglements\/\",\"url\":\"https:\/\/ballonsurglace.com\/en\/reglements\/\",\"name\":\"Rules - F\u00e9d\u00e9ration Qu\u00e9b\u00e9cois de Ballon sur Glace\",\"isPartOf\":{\"@id\":\"https:\/\/ballonsurglace.com\/#website\"},\"datePublished\":\"2018-09-20T16:10:31+00:00\",\"dateModified\":\"2021-11-08T19:21:08+00:00\",\"breadcrumb\":{\"@id\":\"https:\/\/ballonsurglace.com\/en\/reglements\/#breadcrumb\"},\"inLanguage\":\"en-US\",\"potentialAction\":[{\"@type\":\"ReadAction\",\"target\":[\"https:\/\/ballonsurglace.com\/en\/reglements\/\"]}]},{\"@type\":\"BreadcrumbList\",\"@id\":\"https:\/\/ballonsurglace.com\/en\/reglements\/#breadcrumb\",\"itemListElement\":[{\"@type\":\"ListItem\",\"position\":1,\"name\":\"Accueil\",\"item\":\"https:\/\/ballonsurglace.com\/en\/\"},{\"@type\":\"ListItem\",\"position\":2,\"name\":\"Rules\"}]},{\"@type\":\"WebSite\",\"@id\":\"https:\/\/ballonsurglace.com\/#website\",\"url\":\"https:\/\/ballonsurglace.com\/\",\"name\":\"F\u00e9d\u00e9ration Qu\u00e9b\u00e9cois de Ballon sur Glace\",\"description\":\"Un site utilisant Les sites de Ligue nord am\u00e9ricaine de hockey\",\"potentialAction\":[{\"@type\":\"SearchAction\",\"target\":{\"@type\":\"EntryPoint\",\"urlTemplate\":\"https:\/\/ballonsurglace.com\/?s={search_term_string}\"},\"query-input\":{\"@type\":\"PropertyValueSpecification\",\"valueRequired\":true,\"valueName\":\"search_term_string\"}}],\"inLanguage\":\"en-US\"}]}<\/script>\n<!-- \/ Yoast SEO plugin. -->","yoast_head_json":{"title":"Rules - F\u00e9d\u00e9ration Qu\u00e9b\u00e9cois de Ballon sur Glace","robots":{"index":"index","follow":"follow","max-snippet":"max-snippet:-1","max-image-preview":"max-image-preview:large","max-video-preview":"max-video-preview:-1"},"canonical":"https:\/\/ballonsurglace.com\/en\/reglements\/","og_locale":"en_US","og_type":"article","og_title":"Rules - F\u00e9d\u00e9ration Qu\u00e9b\u00e9cois de Ballon sur Glace","og_description":"Rules Rulebook (Canadian Broomball Federation) By-Laws 2019 2020 (FR) FQBG security rules (FR) Game rules &#8211; International federation\u00a0(EN) FQBG tiebreaker rules (FR)","og_url":"https:\/\/ballonsurglace.com\/en\/reglements\/","og_site_name":"F\u00e9d\u00e9ration Qu\u00e9b\u00e9cois de Ballon sur Glace","article_modified_time":"2021-11-08T19:21:08+00:00","twitter_card":"summary_large_image","twitter_misc":{"Est. reading time":"1 minute"},"schema":{"@context":"https:\/\/schema.org","@graph":[{"@type":"WebPage","@id":"https:\/\/ballonsurglace.com\/en\/reglements\/","url":"https:\/\/ballonsurglace.com\/en\/reglements\/","name":"Rules - F\u00e9d\u00e9ration Qu\u00e9b\u00e9cois de Ballon sur Glace","isPartOf":{"@id":"https:\/\/ballonsurglace.com\/#website"},"datePublished":"2018-09-20T16:10:31+00:00","dateModified":"2021-11-08T19:21:08+00:00","breadcrumb":{"@id":"https:\/\/ballonsurglace.com\/en\/reglements\/#breadcrumb"},"inLanguage":"en-US","potentialAction":[{"@type":"ReadAction","target":["https:\/\/ballonsurglace.com\/en\/reglements\/"]}]},{"@type":"BreadcrumbList","@id":"https:\/\/ballonsurglace.com\/en\/reglements\/#breadcrumb","itemListElement":[{"@type":"ListItem","position":1,"name":"Accueil","item":"https:\/\/ballonsurglace.com\/en\/"},{"@type":"ListItem","position":2,"name":"Rules"}]},{"@type":"WebSite","@id":"https:\/\/ballonsurglace.com\/#website","url":"https:\/\/ballonsurglace.com\/","name":"F\u00e9d\u00e9ration Qu\u00e9b\u00e9cois de Ballon sur Glace","description":"Un site utilisant Les sites de Ligue nord am\u00e9ricaine de hockey","potentialAction":[{"@type":"SearchAction","target":{"@type":"EntryPoint","urlTemplate":"https:\/\/ballonsurglace.com\/?s={search_term_string}"},"query-input":{"@type":"PropertyValueSpecification","valueRequired":true,"valueName":"search_term_string"}}],"inLanguage":"en-US"}]}},"_links":{"self":[{"href":"https:\/\/ballonsurglace.com\/en\/wp-json\/wp\/v2\/pages\/3187","targetHints":{"allow":["GET"]}}],"collection":[{"href":"https:\/\/ballonsurglace.com\/en\/wp-json\/wp\/v2\/pages"}],"about":[{"href":"https:\/\/ballonsurglace.com\/en\/wp-json\/wp\/v2\/types\/page"}],"author":[{"embeddable":true,"href":"https:\/\/ballonsurglace.com\/en\/wp-json\/wp\/v2\/users\/85"}],"replies":[{"embeddable":true,"href":"https:\/\/ballonsurglace.com\/en\/wp-json\/wp\/v2\/comments?post=3187"}],"version-history":[{"count":6,"href":"https:\/\/ballonsurglace.com\/en\/wp-json\/wp\/v2\/pages\/3187\/revisions"}],"predecessor-version":[{"id":7215,"href":"https:\/\/ballonsurglace.com\/en\/wp-json\/wp\/v2\/pages\/3187\/revisions\/7215"}],"wp:attachment":[{"href":"https:\/\/ballonsurglace.com\/en\/wp-json\/wp\/v2\/media?parent=3187"}],"curies":[{"name":"wp","href":"https:\/\/api.w.org\/{rel}","templated":true}]}}