{"id":3244,"date":"2018-09-20T11:29:50","date_gmt":"2018-09-20T15:29:50","guid":{"rendered":"http:\/\/ballonsurglace.com\/temple-de-la-renommee\/"},"modified":"2019-01-25T17:32:05","modified_gmt":"2019-01-25T22:32:05","slug":"temple-de-la-renommee","status":"publish","type":"page","link":"https:\/\/ballonsurglace.com\/en\/temple-de-la-renommee\/","title":{"rendered":"Hall of fame"},"content":{"rendered":"<h1><span style=\"font-size: 18pt\">Hall of fame<\/span><\/h1>\n<p>2013\u00a0(Coach)<br \/>\n<a href=\"http:\/\/ballonsurglace.com\/wp-content\/uploads\/sites\/245\/2018\/09\/Michel-Dubois.pdf\" target=\"\">Michel Dubois<\/a><\/p>\n<p>2013\u00a0(Official)<br \/>\n<a href=\"http:\/\/ballonsurglace.com\/wp-content\/uploads\/sites\/245\/2018\/09\/Marc-Lemieux.pdf\" target=\"\">Marc Lemieux<\/a><\/p>\n<p>2013\u00a0(Builder)<br \/>\n<a href=\"http:\/\/ballonsurglace.com\/wp-content\/uploads\/sites\/245\/2018\/09\/Jacques-Blanchette.pdf\" target=\"\">Jacques Blanchette<\/a><\/p>\n<p>2013\u00a0(Builder)<br \/>\n<a href=\"http:\/\/ballonsurglace.com\/wp-content\/uploads\/sites\/245\/2018\/09\/Eugene-Gagnon.pdf\" target=\"\">Eugene Gagnon<\/a><\/p>\n<p>2013\u00a0(Builder)<br \/>\n<a href=\"http:\/\/ballonsurglace.com\/wp-content\/uploads\/sites\/245\/2018\/09\/Claude-Lefebvre.pdf\" target=\"\">Claude Lefebvre<\/a><\/p>\n<p>2013\u00a0(Athlete)<br \/>\n<a href=\"http:\/\/ballonsurglace.com\/wp-content\/uploads\/sites\/245\/2018\/09\/Claude-Boutin.pdf\" target=\"\">Claude Boutin<\/a><\/p>\n<p>2013\u00a0(Team)<br \/>\n<a href=\"http:\/\/ballonsurglace.com\/wp-content\/uploads\/sites\/245\/2018\/09\/Amigo-Entrami.pdf\" target=\"\">Amigo Entrami<\/a><\/p>\n<p>2002\u00a0(Athlete)<br \/>\n<a href=\"http:\/\/ballonsurglace.com\/wp-content\/uploads\/sites\/245\/2018\/09\/Claudette-Bergeron.pdf\" target=\"\">Claudette Bergeron<\/a><\/p>\n<p>2002 (Athlete)<br \/>\nNormand Bourdelais<\/p>\n","protected":false},"excerpt":{"rendered":"<p>Hall of fame 2013\u00a0(Coach) Michel Dubois 2013\u00a0(Official) Marc Lemieux 2013\u00a0(Builder) Jacques Blanchette 2013\u00a0(Builder) Eugene Gagnon 2013\u00a0(Builder) Claude Lefebvre 2013\u00a0(Athlete) Claude Boutin 2013\u00a0(Team) Amigo Entrami 2002\u00a0(Athlete) Claudette Bergeron 2002 (Athlete) Normand Bourdelais<\/p>\n","protected":false},"author":85,"featured_media":0,"parent":0,"menu_order":0,"comment_status":"closed","ping_status":"closed","template":"","meta":{"_acf_changed":false,"footnotes":""},"class_list":["post-3244","page","type-page","status-publish","hentry"],"acf":[],"yoast_head":"<!-- This site is optimized with the Yoast SEO plugin v25.7 - https:\/\/yoast.com\/wordpress\/plugins\/seo\/ -->\n<title>Hall of fame - F\u00e9d\u00e9ration Qu\u00e9b\u00e9cois de Ballon sur Glace<\/title>\n<meta name=\"robots\" content=\"index, follow, max-snippet:-1, max-image-preview:large, max-video-preview:-1\" \/>\n<link rel=\"canonical\" href=\"https:\/\/ballonsurglace.com\/en\/temple-de-la-renommee\/\" \/>\n<meta property=\"og:locale\" content=\"en_US\" \/>\n<meta property=\"og:type\" content=\"article\" \/>\n<meta property=\"og:title\" content=\"Hall of fame - F\u00e9d\u00e9ration Qu\u00e9b\u00e9cois de Ballon sur Glace\" \/>\n<meta property=\"og:description\" content=\"Hall of fame 2013\u00a0(Coach) Michel Dubois 2013\u00a0(Official) Marc Lemieux 2013\u00a0(Builder) Jacques Blanchette 2013\u00a0(Builder) Eugene Gagnon 2013\u00a0(Builder) Claude Lefebvre 2013\u00a0(Athlete) Claude Boutin 2013\u00a0(Team) Amigo Entrami 2002\u00a0(Athlete) Claudette Bergeron 2002 (Athlete) Normand Bourdelais\" \/>\n<meta property=\"og:url\" content=\"https:\/\/ballonsurglace.com\/en\/temple-de-la-renommee\/\" \/>\n<meta property=\"og:site_name\" content=\"F\u00e9d\u00e9ration Qu\u00e9b\u00e9cois de Ballon sur Glace\" \/>\n<meta property=\"article:modified_time\" content=\"2019-01-25T22:32:05+00:00\" \/>\n<meta name=\"twitter:card\" content=\"summary_large_image\" \/>\n<script type=\"application\/ld+json\" class=\"yoast-schema-graph\">{\"@context\":\"https:\/\/schema.org\",\"@graph\":[{\"@type\":\"WebPage\",\"@id\":\"https:\/\/ballonsurglace.com\/en\/temple-de-la-renommee\/\",\"url\":\"https:\/\/ballonsurglace.com\/en\/temple-de-la-renommee\/\",\"name\":\"Hall of fame - F\u00e9d\u00e9ration Qu\u00e9b\u00e9cois de Ballon sur Glace\",\"isPartOf\":{\"@id\":\"https:\/\/ballonsurglace.com\/#website\"},\"datePublished\":\"2018-09-20T15:29:50+00:00\",\"dateModified\":\"2019-01-25T22:32:05+00:00\",\"breadcrumb\":{\"@id\":\"https:\/\/ballonsurglace.com\/en\/temple-de-la-renommee\/#breadcrumb\"},\"inLanguage\":\"en-US\",\"potentialAction\":[{\"@type\":\"ReadAction\",\"target\":[\"https:\/\/ballonsurglace.com\/en\/temple-de-la-renommee\/\"]}]},{\"@type\":\"BreadcrumbList\",\"@id\":\"https:\/\/ballonsurglace.com\/en\/temple-de-la-renommee\/#breadcrumb\",\"itemListElement\":[{\"@type\":\"ListItem\",\"position\":1,\"name\":\"Accueil\",\"item\":\"https:\/\/ballonsurglace.com\/en\/\"},{\"@type\":\"ListItem\",\"position\":2,\"name\":\"Hall of fame\"}]},{\"@type\":\"WebSite\",\"@id\":\"https:\/\/ballonsurglace.com\/#website\",\"url\":\"https:\/\/ballonsurglace.com\/\",\"name\":\"F\u00e9d\u00e9ration Qu\u00e9b\u00e9cois de Ballon sur Glace\",\"description\":\"Un site utilisant Les sites de Ligue nord am\u00e9ricaine de hockey\",\"potentialAction\":[{\"@type\":\"SearchAction\",\"target\":{\"@type\":\"EntryPoint\",\"urlTemplate\":\"https:\/\/ballonsurglace.com\/?s={search_term_string}\"},\"query-input\":{\"@type\":\"PropertyValueSpecification\",\"valueRequired\":true,\"valueName\":\"search_term_string\"}}],\"inLanguage\":\"en-US\"}]}<\/script>\n<!-- \/ Yoast SEO plugin. -->","yoast_head_json":{"title":"Hall of fame - F\u00e9d\u00e9ration Qu\u00e9b\u00e9cois de Ballon sur Glace","robots":{"index":"index","follow":"follow","max-snippet":"max-snippet:-1","max-image-preview":"max-image-preview:large","max-video-preview":"max-video-preview:-1"},"canonical":"https:\/\/ballonsurglace.com\/en\/temple-de-la-renommee\/","og_locale":"en_US","og_type":"article","og_title":"Hall of fame - F\u00e9d\u00e9ration Qu\u00e9b\u00e9cois de Ballon sur Glace","og_description":"Hall of fame 2013\u00a0(Coach) Michel Dubois 2013\u00a0(Official) Marc Lemieux 2013\u00a0(Builder) Jacques Blanchette 2013\u00a0(Builder) Eugene Gagnon 2013\u00a0(Builder) Claude Lefebvre 2013\u00a0(Athlete) Claude Boutin 2013\u00a0(Team) Amigo Entrami 2002\u00a0(Athlete) Claudette Bergeron 2002 (Athlete) Normand Bourdelais","og_url":"https:\/\/ballonsurglace.com\/en\/temple-de-la-renommee\/","og_site_name":"F\u00e9d\u00e9ration Qu\u00e9b\u00e9cois de Ballon sur Glace","article_modified_time":"2019-01-25T22:32:05+00:00","twitter_card":"summary_large_image","schema":{"@context":"https:\/\/schema.org","@graph":[{"@type":"WebPage","@id":"https:\/\/ballonsurglace.com\/en\/temple-de-la-renommee\/","url":"https:\/\/ballonsurglace.com\/en\/temple-de-la-renommee\/","name":"Hall of fame - F\u00e9d\u00e9ration Qu\u00e9b\u00e9cois de Ballon sur Glace","isPartOf":{"@id":"https:\/\/ballonsurglace.com\/#website"},"datePublished":"2018-09-20T15:29:50+00:00","dateModified":"2019-01-25T22:32:05+00:00","breadcrumb":{"@id":"https:\/\/ballonsurglace.com\/en\/temple-de-la-renommee\/#breadcrumb"},"inLanguage":"en-US","potentialAction":[{"@type":"ReadAction","target":["https:\/\/ballonsurglace.com\/en\/temple-de-la-renommee\/"]}]},{"@type":"BreadcrumbList","@id":"https:\/\/ballonsurglace.com\/en\/temple-de-la-renommee\/#breadcrumb","itemListElement":[{"@type":"ListItem","position":1,"name":"Accueil","item":"https:\/\/ballonsurglace.com\/en\/"},{"@type":"ListItem","position":2,"name":"Hall of fame"}]},{"@type":"WebSite","@id":"https:\/\/ballonsurglace.com\/#website","url":"https:\/\/ballonsurglace.com\/","name":"F\u00e9d\u00e9ration Qu\u00e9b\u00e9cois de Ballon sur Glace","description":"Un site utilisant Les sites de Ligue nord am\u00e9ricaine de hockey","potentialAction":[{"@type":"SearchAction","target":{"@type":"EntryPoint","urlTemplate":"https:\/\/ballonsurglace.com\/?s={search_term_string}"},"query-input":{"@type":"PropertyValueSpecification","valueRequired":true,"valueName":"search_term_string"}}],"inLanguage":"en-US"}]}},"_links":{"self":[{"href":"https:\/\/ballonsurglace.com\/en\/wp-json\/wp\/v2\/pages\/3244","targetHints":{"allow":["GET"]}}],"collection":[{"href":"https:\/\/ballonsurglace.com\/en\/wp-json\/wp\/v2\/pages"}],"about":[{"href":"https:\/\/ballonsurglace.com\/en\/wp-json\/wp\/v2\/types\/page"}],"author":[{"embeddable":true,"href":"https:\/\/ballonsurglace.com\/en\/wp-json\/wp\/v2\/users\/85"}],"replies":[{"embeddable":true,"href":"https:\/\/ballonsurglace.com\/en\/wp-json\/wp\/v2\/comments?post=3244"}],"version-history":[{"count":2,"href":"https:\/\/ballonsurglace.com\/en\/wp-json\/wp\/v2\/pages\/3244\/revisions"}],"predecessor-version":[{"id":3250,"href":"https:\/\/ballonsurglace.com\/en\/wp-json\/wp\/v2\/pages\/3244\/revisions\/3250"}],"wp:attachment":[{"href":"https:\/\/ballonsurglace.com\/en\/wp-json\/wp\/v2\/media?parent=3244"}],"curies":[{"name":"wp","href":"https:\/\/api.w.org\/{rel}","templated":true}]}}