{"id":3304,"date":"2018-09-14T16:25:57","date_gmt":"2018-09-14T20:25:57","guid":{"rendered":"http:\/\/ballonsurglace.com\/ligues\/"},"modified":"2020-07-27T16:11:07","modified_gmt":"2020-07-27T20:11:07","slug":"ligues","status":"publish","type":"page","link":"https:\/\/ballonsurglace.com\/en\/ligues\/","title":{"rendered":"Leagues"},"content":{"rendered":"<p><img loading=\"lazy\" decoding=\"async\" class=\"wp-image-6199 size-medium alignleft\" src=\"http:\/\/ballonsurglace.com\/wp-content\/uploads\/sites\/245\/2020\/07\/FQBG_logo_LPM_2018_SAISON-2020-2021-01-300x225.png\" alt=\"\" width=\"300\" height=\"225\" data-wp-editing=\"1\" srcset=\"https:\/\/ballonsurglace.com\/wp-content\/uploads\/sites\/245\/2020\/07\/FQBG_logo_LPM_2018_SAISON-2020-2021-01-300x225.png 300w, https:\/\/ballonsurglace.com\/wp-content\/uploads\/sites\/245\/2020\/07\/FQBG_logo_LPM_2018_SAISON-2020-2021-01-2000x1500.png 2000w, https:\/\/ballonsurglace.com\/wp-content\/uploads\/sites\/245\/2020\/07\/FQBG_logo_LPM_2018_SAISON-2020-2021-01-768x576.png 768w, https:\/\/ballonsurglace.com\/wp-content\/uploads\/sites\/245\/2020\/07\/FQBG_logo_LPM_2018_SAISON-2020-2021-01-1536x1152.png 1536w, https:\/\/ballonsurglace.com\/wp-content\/uploads\/sites\/245\/2020\/07\/FQBG_logo_LPM_2018_SAISON-2020-2021-01-2048x1536.png 2048w\" sizes=\"(max-width: 300px) 100vw, 300px\" \/><\/p>\n<p>&nbsp;<\/p>\n<p>&nbsp;<\/p>\n<p>&nbsp;<\/p>\n<p>&nbsp;<\/p>\n<p>&nbsp;<\/p>\n<p>&nbsp;<\/p>\n<p>&nbsp;<\/p>\n<p><strong><span style=\"font-size: 14pt\">Provincial youth league (PYL)<\/span><\/strong><\/p>\n<ol>\n<li>Sayabec, <strong>Est-du-Qc<\/strong> : <em>October 9-10-11th 2020<\/em><\/li>\n<li>St-David, <strong>Rich\/Yam<\/strong> : <em>November 21st or 28th 2020<\/em><\/li>\n<li>St-Narcisse, <strong>Chaud\/App<\/strong> : January <em>16-17th or 23-24th 2021<\/em><\/li>\n<li>St-Jean-de-Matha, <strong>Lanaudi\u00e8re<\/strong> : <em>February 5-6-7th 2021<\/em><\/li>\n<li>Temiscouata, <strong>Est-du-Qc<\/strong> : <em>February 12-13-14th 2021<\/em><\/li>\n<li>St-Leonard-d&#8217;Aston, <strong>Centre-du-Qc<\/strong> : <em>March 14-15th 2021<\/em><\/li>\n<\/ol>\n<p><em><a href=\"http:\/\/ballonsurglace.com\/en\/classement\/\"><strong><span style=\"font-size: 18pt\">Standing 2019-2020<\/span><\/strong><\/a> <span style=\"font-size: 10pt\">(Please select &#8220;Youth provincial league 2019-2020&#8221;)<\/span><\/em><\/p>\n<p><em>Rules and tournaments agreement 2019-2020 (FR) &#8211; coming soon..<\/em><\/p>\n<p>&nbsp;<\/p>\n<p><span style=\"font-size: 24pt\"><strong>Senior leagues<\/strong><\/span><\/p>\n<p>&nbsp;<\/p>\n<p><span style=\"font-size: 14pt\">Boisbriand<\/span> &#8211; <span style=\"color: #3366ff\"><strong><a style=\"color: #3366ff\" href=\"https:\/\/lba-boisbriand.jimdo.com\/\">Schedule and standing<\/a><\/strong><\/span><\/p>\n<p><span style=\"font-size: 18.6667px\">St-Bruno-de-Montarville\u00a0<\/span>&#8211; (514) 238-6368<\/p>\n<p><span style=\"font-size: 14pt\">St-Hyacinthe<\/span> &#8211; <span style=\"color: #3366ff\"><strong><a style=\"color: #3366ff\" href=\"http:\/\/liguebem.e-monsite.com\/\">Schedule and standing<\/a><\/strong><\/span><\/p>\n<p><span style=\"font-size: 14pt\">St-Roch-de-l&#8217;Achigan<\/span> &#8211; (514) 791-2375<\/p>\n<p><span style=\"font-size: 14pt\">Vaudreuil<\/span> &#8211; <strong><span style=\"color: #3366ff\"><a style=\"color: #3366ff\" href=\"https:\/\/www.marqueur.com\/hockey\/mbr\/tools\/hlg\/index.php?nyx=4374\">Schedule and standing<\/a><\/span><\/strong><\/p>\n<p><span style=\"font-size: 14pt\">Victoriaville<\/span> &#8211; <em>Schedule and standing<\/em> &#8211; <span style=\"color: #3366ff\"><strong><a style=\"color: #3366ff\" href=\"https:\/\/www.marqueur.com\/hockey\/mbr\/tools\/hlg\/index.php?nyx=6181\">Cat. A<\/a> <\/strong><\/span>&#8211; <span style=\"color: #3366ff\"><strong><a style=\"color: #3366ff\" href=\"https:\/\/www.marqueur.com\/hockey\/mbr\/tools\/hlg\/index.php?nyx=6188\">Cat. B<\/a><\/strong><\/span><\/p>\n<p><span style=\"font-size: 14pt\">City of Quebec<\/span> &#8211; <strong><span style=\"color: #3366ff\"><a style=\"color: #3366ff\" href=\"http:\/\/www.ballonbalai.net\/\">Schedule and standing<\/a><\/span><\/strong><\/p>\n","protected":false},"excerpt":{"rendered":"<p>&nbsp; &nbsp; &nbsp; &nbsp; &nbsp; &nbsp; &nbsp; Provincial youth league (PYL) Sayabec, Est-du-Qc : October 9-10-11th 2020 St-David, Rich\/Yam : November 21st or 28th 2020 St-Narcisse, Chaud\/App : January 16-17th or 23-24th 2021 St-Jean-de-Matha, Lanaudi\u00e8re : February 5-6-7th 2021 Temiscouata, Est-du-Qc : February 12-13-14th 2021 St-Leonard-d&#8217;Aston, Centre-du-Qc : March 14-15th 2021 Standing 2019-2020 (Please select [&hellip;]<\/p>\n","protected":false},"author":85,"featured_media":0,"parent":0,"menu_order":0,"comment_status":"closed","ping_status":"closed","template":"","meta":{"_acf_changed":false,"footnotes":""},"class_list":["post-3304","page","type-page","status-publish","hentry"],"acf":[],"yoast_head":"<!-- This site is optimized with the Yoast SEO plugin v25.7 - https:\/\/yoast.com\/wordpress\/plugins\/seo\/ -->\n<title>Leagues - F\u00e9d\u00e9ration Qu\u00e9b\u00e9cois de Ballon sur Glace<\/title>\n<meta name=\"robots\" content=\"index, follow, max-snippet:-1, max-image-preview:large, max-video-preview:-1\" \/>\n<link rel=\"canonical\" href=\"https:\/\/ballonsurglace.com\/en\/ligues\/\" \/>\n<meta property=\"og:locale\" content=\"en_US\" \/>\n<meta property=\"og:type\" content=\"article\" \/>\n<meta property=\"og:title\" content=\"Leagues - F\u00e9d\u00e9ration Qu\u00e9b\u00e9cois de Ballon sur Glace\" \/>\n<meta property=\"og:description\" content=\"&nbsp; &nbsp; &nbsp; &nbsp; &nbsp; &nbsp; &nbsp; Provincial youth league (PYL) Sayabec, Est-du-Qc : October 9-10-11th 2020 St-David, Rich\/Yam : November 21st or 28th 2020 St-Narcisse, Chaud\/App : January 16-17th or 23-24th 2021 St-Jean-de-Matha, Lanaudi\u00e8re : February 5-6-7th 2021 Temiscouata, Est-du-Qc : February 12-13-14th 2021 St-Leonard-d&#8217;Aston, Centre-du-Qc : March 14-15th 2021 Standing 2019-2020 (Please select [&hellip;]\" \/>\n<meta property=\"og:url\" content=\"https:\/\/ballonsurglace.com\/en\/ligues\/\" \/>\n<meta property=\"og:site_name\" content=\"F\u00e9d\u00e9ration Qu\u00e9b\u00e9cois de Ballon sur Glace\" \/>\n<meta property=\"article:modified_time\" content=\"2020-07-27T20:11:07+00:00\" \/>\n<meta property=\"og:image\" content=\"http:\/\/ballonsurglace.com\/wp-content\/uploads\/sites\/245\/2020\/07\/FQBG_logo_LPM_2018_SAISON-2020-2021-01-300x225.png\" \/>\n<meta name=\"twitter:card\" content=\"summary_large_image\" \/>\n<meta name=\"twitter:label1\" content=\"Est. reading time\" \/>\n\t<meta name=\"twitter:data1\" content=\"1 minute\" \/>\n<script type=\"application\/ld+json\" class=\"yoast-schema-graph\">{\"@context\":\"https:\/\/schema.org\",\"@graph\":[{\"@type\":\"WebPage\",\"@id\":\"https:\/\/ballonsurglace.com\/en\/ligues\/\",\"url\":\"https:\/\/ballonsurglace.com\/en\/ligues\/\",\"name\":\"Leagues - F\u00e9d\u00e9ration Qu\u00e9b\u00e9cois de Ballon sur Glace\",\"isPartOf\":{\"@id\":\"https:\/\/ballonsurglace.com\/#website\"},\"primaryImageOfPage\":{\"@id\":\"https:\/\/ballonsurglace.com\/en\/ligues\/#primaryimage\"},\"image\":{\"@id\":\"https:\/\/ballonsurglace.com\/en\/ligues\/#primaryimage\"},\"thumbnailUrl\":\"http:\/\/ballonsurglace.com\/wp-content\/uploads\/sites\/245\/2020\/07\/FQBG_logo_LPM_2018_SAISON-2020-2021-01-300x225.png\",\"datePublished\":\"2018-09-14T20:25:57+00:00\",\"dateModified\":\"2020-07-27T20:11:07+00:00\",\"breadcrumb\":{\"@id\":\"https:\/\/ballonsurglace.com\/en\/ligues\/#breadcrumb\"},\"inLanguage\":\"en-US\",\"potentialAction\":[{\"@type\":\"ReadAction\",\"target\":[\"https:\/\/ballonsurglace.com\/en\/ligues\/\"]}]},{\"@type\":\"ImageObject\",\"inLanguage\":\"en-US\",\"@id\":\"https:\/\/ballonsurglace.com\/en\/ligues\/#primaryimage\",\"url\":\"http:\/\/ballonsurglace.com\/wp-content\/uploads\/sites\/245\/2020\/07\/FQBG_logo_LPM_2018_SAISON-2020-2021-01-300x225.png\",\"contentUrl\":\"http:\/\/ballonsurglace.com\/wp-content\/uploads\/sites\/245\/2020\/07\/FQBG_logo_LPM_2018_SAISON-2020-2021-01-300x225.png\"},{\"@type\":\"BreadcrumbList\",\"@id\":\"https:\/\/ballonsurglace.com\/en\/ligues\/#breadcrumb\",\"itemListElement\":[{\"@type\":\"ListItem\",\"position\":1,\"name\":\"Accueil\",\"item\":\"https:\/\/ballonsurglace.com\/en\/\"},{\"@type\":\"ListItem\",\"position\":2,\"name\":\"Leagues\"}]},{\"@type\":\"WebSite\",\"@id\":\"https:\/\/ballonsurglace.com\/#website\",\"url\":\"https:\/\/ballonsurglace.com\/\",\"name\":\"F\u00e9d\u00e9ration Qu\u00e9b\u00e9cois de Ballon sur Glace\",\"description\":\"Un site utilisant Les sites de Ligue nord am\u00e9ricaine de hockey\",\"potentialAction\":[{\"@type\":\"SearchAction\",\"target\":{\"@type\":\"EntryPoint\",\"urlTemplate\":\"https:\/\/ballonsurglace.com\/?s={search_term_string}\"},\"query-input\":{\"@type\":\"PropertyValueSpecification\",\"valueRequired\":true,\"valueName\":\"search_term_string\"}}],\"inLanguage\":\"en-US\"}]}<\/script>\n<!-- \/ Yoast SEO plugin. -->","yoast_head_json":{"title":"Leagues - F\u00e9d\u00e9ration Qu\u00e9b\u00e9cois de Ballon sur Glace","robots":{"index":"index","follow":"follow","max-snippet":"max-snippet:-1","max-image-preview":"max-image-preview:large","max-video-preview":"max-video-preview:-1"},"canonical":"https:\/\/ballonsurglace.com\/en\/ligues\/","og_locale":"en_US","og_type":"article","og_title":"Leagues - F\u00e9d\u00e9ration Qu\u00e9b\u00e9cois de Ballon sur Glace","og_description":"&nbsp; &nbsp; &nbsp; &nbsp; &nbsp; &nbsp; &nbsp; Provincial youth league (PYL) Sayabec, Est-du-Qc : October 9-10-11th 2020 St-David, Rich\/Yam : November 21st or 28th 2020 St-Narcisse, Chaud\/App : January 16-17th or 23-24th 2021 St-Jean-de-Matha, Lanaudi\u00e8re : February 5-6-7th 2021 Temiscouata, Est-du-Qc : February 12-13-14th 2021 St-Leonard-d&#8217;Aston, Centre-du-Qc : March 14-15th 2021 Standing 2019-2020 (Please select [&hellip;]","og_url":"https:\/\/ballonsurglace.com\/en\/ligues\/","og_site_name":"F\u00e9d\u00e9ration Qu\u00e9b\u00e9cois de Ballon sur Glace","article_modified_time":"2020-07-27T20:11:07+00:00","og_image":[{"url":"http:\/\/ballonsurglace.com\/wp-content\/uploads\/sites\/245\/2020\/07\/FQBG_logo_LPM_2018_SAISON-2020-2021-01-300x225.png","type":"","width":"","height":""}],"twitter_card":"summary_large_image","twitter_misc":{"Est. reading time":"1 minute"},"schema":{"@context":"https:\/\/schema.org","@graph":[{"@type":"WebPage","@id":"https:\/\/ballonsurglace.com\/en\/ligues\/","url":"https:\/\/ballonsurglace.com\/en\/ligues\/","name":"Leagues - F\u00e9d\u00e9ration Qu\u00e9b\u00e9cois de Ballon sur Glace","isPartOf":{"@id":"https:\/\/ballonsurglace.com\/#website"},"primaryImageOfPage":{"@id":"https:\/\/ballonsurglace.com\/en\/ligues\/#primaryimage"},"image":{"@id":"https:\/\/ballonsurglace.com\/en\/ligues\/#primaryimage"},"thumbnailUrl":"http:\/\/ballonsurglace.com\/wp-content\/uploads\/sites\/245\/2020\/07\/FQBG_logo_LPM_2018_SAISON-2020-2021-01-300x225.png","datePublished":"2018-09-14T20:25:57+00:00","dateModified":"2020-07-27T20:11:07+00:00","breadcrumb":{"@id":"https:\/\/ballonsurglace.com\/en\/ligues\/#breadcrumb"},"inLanguage":"en-US","potentialAction":[{"@type":"ReadAction","target":["https:\/\/ballonsurglace.com\/en\/ligues\/"]}]},{"@type":"ImageObject","inLanguage":"en-US","@id":"https:\/\/ballonsurglace.com\/en\/ligues\/#primaryimage","url":"http:\/\/ballonsurglace.com\/wp-content\/uploads\/sites\/245\/2020\/07\/FQBG_logo_LPM_2018_SAISON-2020-2021-01-300x225.png","contentUrl":"http:\/\/ballonsurglace.com\/wp-content\/uploads\/sites\/245\/2020\/07\/FQBG_logo_LPM_2018_SAISON-2020-2021-01-300x225.png"},{"@type":"BreadcrumbList","@id":"https:\/\/ballonsurglace.com\/en\/ligues\/#breadcrumb","itemListElement":[{"@type":"ListItem","position":1,"name":"Accueil","item":"https:\/\/ballonsurglace.com\/en\/"},{"@type":"ListItem","position":2,"name":"Leagues"}]},{"@type":"WebSite","@id":"https:\/\/ballonsurglace.com\/#website","url":"https:\/\/ballonsurglace.com\/","name":"F\u00e9d\u00e9ration Qu\u00e9b\u00e9cois de Ballon sur Glace","description":"Un site utilisant Les sites de Ligue nord am\u00e9ricaine de hockey","potentialAction":[{"@type":"SearchAction","target":{"@type":"EntryPoint","urlTemplate":"https:\/\/ballonsurglace.com\/?s={search_term_string}"},"query-input":{"@type":"PropertyValueSpecification","valueRequired":true,"valueName":"search_term_string"}}],"inLanguage":"en-US"}]}},"_links":{"self":[{"href":"https:\/\/ballonsurglace.com\/en\/wp-json\/wp\/v2\/pages\/3304","targetHints":{"allow":["GET"]}}],"collection":[{"href":"https:\/\/ballonsurglace.com\/en\/wp-json\/wp\/v2\/pages"}],"about":[{"href":"https:\/\/ballonsurglace.com\/en\/wp-json\/wp\/v2\/types\/page"}],"author":[{"embeddable":true,"href":"https:\/\/ballonsurglace.com\/en\/wp-json\/wp\/v2\/users\/85"}],"replies":[{"embeddable":true,"href":"https:\/\/ballonsurglace.com\/en\/wp-json\/wp\/v2\/comments?post=3304"}],"version-history":[{"count":10,"href":"https:\/\/ballonsurglace.com\/en\/wp-json\/wp\/v2\/pages\/3304\/revisions"}],"predecessor-version":[{"id":6201,"href":"https:\/\/ballonsurglace.com\/en\/wp-json\/wp\/v2\/pages\/3304\/revisions\/6201"}],"wp:attachment":[{"href":"https:\/\/ballonsurglace.com\/en\/wp-json\/wp\/v2\/media?parent=3304"}],"curies":[{"name":"wp","href":"https:\/\/api.w.org\/{rel}","templated":true}]}}