{"id":4508,"date":"2019-09-30T13:50:05","date_gmt":"2019-09-30T17:50:05","guid":{"rendered":"http:\/\/ballonsurglace.com\/?page_id=4508"},"modified":"2025-10-12T19:21:35","modified_gmt":"2025-10-12T23:21:35","slug":"tournoi-ste-agathe","status":"publish","type":"page","link":"https:\/\/ballonsurglace.com\/en\/tournoi-ste-agathe\/","title":{"rendered":"Tournoi Ste-Agathe"},"content":{"rendered":"<div id=\"if6y0ucj_0\" class=\"txtNew\">\n<h2 class=\"font_2\" style=\"text-align: center\">9-10-11 janvier 2026<\/h2>\n<\/div>\n<div id=\"if6y0ucj\" class=\"txtNew\">\n<h2 class=\"font_2\" style=\"text-align: center\">Tournoi Ste-Agathe<\/h2>\n<\/div>\n<div id=\"if6y0h1t\" class=\"txtNew\">\n<p class=\"font_8\"><strong>Cat\u00e9gorie<\/strong> :<\/p>\n<p class=\"font_8\">&#8211; \u00c9lite Homme<br \/>\n&#8211; Interm\u00e9diaire Homme<br \/>\n&#8211; Interm\u00e9diaire Femme<br \/>\n&#8211; Open Femmes<\/p>\n<p class=\"font_8\"><strong>Responsable<\/strong>\u00a0: Jonathan Richard Rake<\/p>\n<p class=\"font_8\"><strong>Co\u00fbt d&#8217;inscription<\/strong> : &#8211;<\/p>\n<p class=\"font_8\"><strong>Date limite d&#8217;inscription<\/strong> : &#8211;<\/p>\n<p class=\"font_8\"><strong><span class=\"wixGuard\">\u200b<\/span>Inscription<\/strong> :<\/p>\n<div dir=\"ltr\">Jonathan Richard Rake \u00a0 (819) 324-7620<\/div>\n<p class=\"font_8\"><strong>Autres informations<\/strong> :<\/p>\n<p><strong>Localisation<\/strong> :<\/p>\n<p>Centre Sportif-Damien-H\u00e9tu<\/p>\n<p>Ste-Agathe-des-Monts<\/p>\n<\/div>\n","protected":false},"excerpt":{"rendered":"<p>9-10-11 janvier 2026 Tournoi Ste-Agathe Cat\u00e9gorie : &#8211; \u00c9lite Homme &#8211; Interm\u00e9diaire Homme &#8211; Interm\u00e9diaire Femme &#8211; Open Femmes Responsable\u00a0: Jonathan Richard Rake Co\u00fbt d&#8217;inscription : &#8211; Date limite d&#8217;inscription : &#8211; \u200bInscription : Jonathan Richard Rake \u00a0 (819) 324-7620 Autres informations : Localisation : Centre Sportif-Damien-H\u00e9tu Ste-Agathe-des-Monts<\/p>\n","protected":false},"author":85,"featured_media":0,"parent":0,"menu_order":0,"comment_status":"closed","ping_status":"closed","template":"","meta":{"_acf_changed":false,"footnotes":""},"class_list":["post-4508","page","type-page","status-publish","hentry"],"acf":[],"yoast_head":"<!-- This site is optimized with the Yoast SEO plugin v25.7 - https:\/\/yoast.com\/wordpress\/plugins\/seo\/ -->\n<title>Tournoi Ste-Agathe - F\u00e9d\u00e9ration Qu\u00e9b\u00e9cois de Ballon sur Glace<\/title>\n<meta name=\"robots\" content=\"index, follow, max-snippet:-1, max-image-preview:large, max-video-preview:-1\" \/>\n<link rel=\"canonical\" href=\"https:\/\/ballonsurglace.com\/tournoi-ste-agathe\/\" \/>\n<meta property=\"og:locale\" content=\"en_US\" \/>\n<meta property=\"og:type\" content=\"article\" \/>\n<meta property=\"og:title\" content=\"Tournoi Ste-Agathe - F\u00e9d\u00e9ration Qu\u00e9b\u00e9cois de Ballon sur Glace\" \/>\n<meta property=\"og:description\" content=\"9-10-11 janvier 2026 Tournoi Ste-Agathe Cat\u00e9gorie : &#8211; \u00c9lite Homme &#8211; Interm\u00e9diaire Homme &#8211; Interm\u00e9diaire Femme &#8211; Open Femmes Responsable\u00a0: Jonathan Richard Rake Co\u00fbt d&#8217;inscription : &#8211; Date limite d&#8217;inscription : &#8211; \u200bInscription : Jonathan Richard Rake \u00a0 (819) 324-7620 Autres informations : Localisation : Centre Sportif-Damien-H\u00e9tu Ste-Agathe-des-Monts\" \/>\n<meta property=\"og:url\" content=\"https:\/\/ballonsurglace.com\/tournoi-ste-agathe\/\" \/>\n<meta property=\"og:site_name\" content=\"F\u00e9d\u00e9ration Qu\u00e9b\u00e9cois de Ballon sur Glace\" \/>\n<meta property=\"article:modified_time\" content=\"2025-10-12T23:21:35+00:00\" \/>\n<meta name=\"twitter:card\" content=\"summary_large_image\" \/>\n<meta name=\"twitter:label1\" content=\"Est. reading time\" \/>\n\t<meta name=\"twitter:data1\" content=\"1 minute\" \/>\n<script type=\"application\/ld+json\" class=\"yoast-schema-graph\">{\"@context\":\"https:\/\/schema.org\",\"@graph\":[{\"@type\":\"WebPage\",\"@id\":\"https:\/\/ballonsurglace.com\/tournoi-ste-agathe\/\",\"url\":\"https:\/\/ballonsurglace.com\/tournoi-ste-agathe\/\",\"name\":\"Tournoi Ste-Agathe - F\u00e9d\u00e9ration Qu\u00e9b\u00e9cois de Ballon sur Glace\",\"isPartOf\":{\"@id\":\"https:\/\/ballonsurglace.com\/#website\"},\"datePublished\":\"2019-09-30T17:50:05+00:00\",\"dateModified\":\"2025-10-12T23:21:35+00:00\",\"breadcrumb\":{\"@id\":\"https:\/\/ballonsurglace.com\/tournoi-ste-agathe\/#breadcrumb\"},\"inLanguage\":\"en-US\",\"potentialAction\":[{\"@type\":\"ReadAction\",\"target\":[\"https:\/\/ballonsurglace.com\/tournoi-ste-agathe\/\"]}]},{\"@type\":\"BreadcrumbList\",\"@id\":\"https:\/\/ballonsurglace.com\/tournoi-ste-agathe\/#breadcrumb\",\"itemListElement\":[{\"@type\":\"ListItem\",\"position\":1,\"name\":\"Accueil\",\"item\":\"https:\/\/ballonsurglace.com\/en\/\"},{\"@type\":\"ListItem\",\"position\":2,\"name\":\"Tournoi Ste-Agathe\"}]},{\"@type\":\"WebSite\",\"@id\":\"https:\/\/ballonsurglace.com\/#website\",\"url\":\"https:\/\/ballonsurglace.com\/\",\"name\":\"F\u00e9d\u00e9ration Qu\u00e9b\u00e9cois de Ballon sur Glace\",\"description\":\"Un site utilisant Les sites de Ligue nord am\u00e9ricaine de hockey\",\"potentialAction\":[{\"@type\":\"SearchAction\",\"target\":{\"@type\":\"EntryPoint\",\"urlTemplate\":\"https:\/\/ballonsurglace.com\/?s={search_term_string}\"},\"query-input\":{\"@type\":\"PropertyValueSpecification\",\"valueRequired\":true,\"valueName\":\"search_term_string\"}}],\"inLanguage\":\"en-US\"}]}<\/script>\n<!-- \/ Yoast SEO plugin. -->","yoast_head_json":{"title":"Tournoi Ste-Agathe - F\u00e9d\u00e9ration Qu\u00e9b\u00e9cois de Ballon sur Glace","robots":{"index":"index","follow":"follow","max-snippet":"max-snippet:-1","max-image-preview":"max-image-preview:large","max-video-preview":"max-video-preview:-1"},"canonical":"https:\/\/ballonsurglace.com\/tournoi-ste-agathe\/","og_locale":"en_US","og_type":"article","og_title":"Tournoi Ste-Agathe - F\u00e9d\u00e9ration Qu\u00e9b\u00e9cois de Ballon sur Glace","og_description":"9-10-11 janvier 2026 Tournoi Ste-Agathe Cat\u00e9gorie : &#8211; \u00c9lite Homme &#8211; Interm\u00e9diaire Homme &#8211; Interm\u00e9diaire Femme &#8211; Open Femmes Responsable\u00a0: Jonathan Richard Rake Co\u00fbt d&#8217;inscription : &#8211; Date limite d&#8217;inscription : &#8211; \u200bInscription : Jonathan Richard Rake \u00a0 (819) 324-7620 Autres informations : Localisation : Centre Sportif-Damien-H\u00e9tu Ste-Agathe-des-Monts","og_url":"https:\/\/ballonsurglace.com\/tournoi-ste-agathe\/","og_site_name":"F\u00e9d\u00e9ration Qu\u00e9b\u00e9cois de Ballon sur Glace","article_modified_time":"2025-10-12T23:21:35+00:00","twitter_card":"summary_large_image","twitter_misc":{"Est. reading time":"1 minute"},"schema":{"@context":"https:\/\/schema.org","@graph":[{"@type":"WebPage","@id":"https:\/\/ballonsurglace.com\/tournoi-ste-agathe\/","url":"https:\/\/ballonsurglace.com\/tournoi-ste-agathe\/","name":"Tournoi Ste-Agathe - F\u00e9d\u00e9ration Qu\u00e9b\u00e9cois de Ballon sur Glace","isPartOf":{"@id":"https:\/\/ballonsurglace.com\/#website"},"datePublished":"2019-09-30T17:50:05+00:00","dateModified":"2025-10-12T23:21:35+00:00","breadcrumb":{"@id":"https:\/\/ballonsurglace.com\/tournoi-ste-agathe\/#breadcrumb"},"inLanguage":"en-US","potentialAction":[{"@type":"ReadAction","target":["https:\/\/ballonsurglace.com\/tournoi-ste-agathe\/"]}]},{"@type":"BreadcrumbList","@id":"https:\/\/ballonsurglace.com\/tournoi-ste-agathe\/#breadcrumb","itemListElement":[{"@type":"ListItem","position":1,"name":"Accueil","item":"https:\/\/ballonsurglace.com\/en\/"},{"@type":"ListItem","position":2,"name":"Tournoi Ste-Agathe"}]},{"@type":"WebSite","@id":"https:\/\/ballonsurglace.com\/#website","url":"https:\/\/ballonsurglace.com\/","name":"F\u00e9d\u00e9ration Qu\u00e9b\u00e9cois de Ballon sur Glace","description":"Un site utilisant Les sites de Ligue nord am\u00e9ricaine de hockey","potentialAction":[{"@type":"SearchAction","target":{"@type":"EntryPoint","urlTemplate":"https:\/\/ballonsurglace.com\/?s={search_term_string}"},"query-input":{"@type":"PropertyValueSpecification","valueRequired":true,"valueName":"search_term_string"}}],"inLanguage":"en-US"}]}},"_links":{"self":[{"href":"https:\/\/ballonsurglace.com\/en\/wp-json\/wp\/v2\/pages\/4508","targetHints":{"allow":["GET"]}}],"collection":[{"href":"https:\/\/ballonsurglace.com\/en\/wp-json\/wp\/v2\/pages"}],"about":[{"href":"https:\/\/ballonsurglace.com\/en\/wp-json\/wp\/v2\/types\/page"}],"author":[{"embeddable":true,"href":"https:\/\/ballonsurglace.com\/en\/wp-json\/wp\/v2\/users\/85"}],"replies":[{"embeddable":true,"href":"https:\/\/ballonsurglace.com\/en\/wp-json\/wp\/v2\/comments?post=4508"}],"version-history":[{"count":4,"href":"https:\/\/ballonsurglace.com\/en\/wp-json\/wp\/v2\/pages\/4508\/revisions"}],"predecessor-version":[{"id":11764,"href":"https:\/\/ballonsurglace.com\/en\/wp-json\/wp\/v2\/pages\/4508\/revisions\/11764"}],"wp:attachment":[{"href":"https:\/\/ballonsurglace.com\/en\/wp-json\/wp\/v2\/media?parent=4508"}],"curies":[{"name":"wp","href":"https:\/\/api.w.org\/{rel}","templated":true}]}}