{"id":6373,"date":"2020-10-26T11:38:55","date_gmt":"2020-10-26T15:38:55","guid":{"rendered":"http:\/\/ballonsurglace.com\/?page_id=6373"},"modified":"2025-01-30T11:27:08","modified_gmt":"2025-01-30T16:27:08","slug":"champions-cup-2021-st-hyacinthe","status":"publish","type":"page","link":"https:\/\/ballonsurglace.com\/en\/champions-cup-2021-st-hyacinthe\/","title":{"rendered":"Senior Provincials Champions cup &#8211; St-Hyacinthe"},"content":{"rendered":"<p><img loading=\"lazy\" decoding=\"async\" class=\"aligncenter wp-image-10755 \" src=\"http:\/\/ballonsurglace.com\/wp-content\/uploads\/sites\/245\/2025\/01\/logo-zoom.jpg\" alt=\"\" width=\"674\" height=\"589\" srcset=\"https:\/\/ballonsurglace.com\/wp-content\/uploads\/sites\/245\/2025\/01\/logo-zoom.jpg 1356w, https:\/\/ballonsurglace.com\/wp-content\/uploads\/sites\/245\/2025\/01\/logo-zoom-300x262.jpg 300w, https:\/\/ballonsurglace.com\/wp-content\/uploads\/sites\/245\/2025\/01\/logo-zoom-768x672.jpg 768w\" sizes=\"(max-width: 674px) 100vw, 674px\" \/><\/p>\n<p style=\"text-align: center\"><span style=\"font-size: 24pt\"><strong>April 25-26, 2025 (Friday \u2013 Saturday)<\/strong><\/span><\/p>\n<p>&nbsp;<\/p>\n<p>&nbsp;<\/p>\n<h2><strong>REGISTRATION:<\/strong><\/h2>\n<p>\ud83d\udd39 <strong>The event begins Friday late afternoon<\/strong><\/p>\n<p>\ud83d\udcb0 <strong>Registration Fee:<\/strong> $560<br \/>\n\u27a1 <strong>Online registration via your FQBG Account<\/strong><\/p>\n<p>\ud83d\udcc5 <strong>Registration Deadline:<\/strong> March 21, 2025<\/p>\n<p>\ud83d\udce9 <strong>For more information:<\/strong><br \/>\n<strong>Alex B Perreault<\/strong><br \/>\n\ud83d\udce7 <a rel=\"noopener\">fqbg.comm@gmail.com<\/a><br \/>\n\ud83d\udcde (819) 697-8147<\/p>\n<p>__________________________<\/p>\n<h2><strong>CATEGORIES:<\/strong><\/h2>\n<p>\ud83c\udfc6 <strong>COUPE DES CHAMPIONS A<\/strong><br \/>\n\ud83c\udfc6 <strong>COUPE DES CHAMPIONS B<\/strong><br \/>\n\ud83c\udfc6 <strong>COUPE DES CHAMPIONS C \/ Recreational<\/strong><br \/>\n\ud83c\udfc6 <strong>FEMININE A<\/strong><br \/>\n\ud83c\udfc6 <strong>FEMININE B<\/strong><\/p>\n<p>\u2714 <strong>Players can participate in up to 2 different categories (maximum of 2 per team).<\/strong><br \/>\n\u2714 The committee will make efforts to avoid schedule conflicts.<br \/>\n\u2714 <strong>Eligibility:<\/strong> Players must be at least <strong>16 years old<\/strong> at the time of the event.<\/p>\n<h3><strong>Men&#8217;s Categories:<\/strong><\/h3>\n<ul>\n<li><strong>Coupe des Champions A:<\/strong> By invitation \u2013 One team per league\/region + 2024 Champion B + Defending Champion (Max <strong>6 Elite players<\/strong> per team).<\/li>\n<li><strong>Coupe des Champions B:<\/strong> Unlimited number of teams (<strong>Max 1 Elite player per team<\/strong>).<\/li>\n<li><strong>Coupe des Champions C:<\/strong> Recreational teams.<\/li>\n<\/ul>\n<h3><strong>Women&#8217;s Categories:<\/strong><\/h3>\n<ul>\n<li><strong>A \u2192 Open to all.<\/strong><\/li>\n<li><strong>B \u2192 Max 1 Elite player per team.<\/strong><\/li>\n<\/ul>\n<p>_____________________<\/p>\n<p>&nbsp;<\/p>\n<h2><strong>PARTNER HOTELS<\/strong><\/h2>\n<p>\ud83c\udfe8 <strong>OFFICIAL HOTELS<\/strong> \u2013 Required for all teams requiring accommodation during the event.<\/p>\n<h3><strong>Reservations:<\/strong><\/h3>\n<p>\u2714 <strong>SHERATON<\/strong> \u2013 Starting at $209<br \/>\n\ud83d\udcde 450-250-5555 \/ 833-250-8555<br \/>\n\ud83d\udccc Mention the group <strong>&#8220;Championnat Provincial S\u00e9nior FQBG&#8221;<\/strong> to receive the negotiated rate before the March 26, 2025 deadline.<\/p>\n<p>\u2714 <strong>LE DAUPHIN<\/strong> \u2013 Starting at $166<br \/>\n\ud83d\udcde 450-774-4418<br \/>\n\ud83d\udce7 Reserve via email <strong>(<a rel=\"noopener\">hya@hoteldauhphin.ca<\/a>)<\/strong> or by phone \u2013 Group: <strong>&#8220;F\u00c9D\u00c9RATION QU\u00c9B\u00c9COISE DE BALLON SUR GLACE&#8221;<\/strong><br \/>\n\ud83c\udf10 Online booking: <a href=\"https:\/\/www.hotelsdauphin.ca\/hotels\/saint-hyacinthe\" target=\"_new\" rel=\"noopener\">Click here<\/a> (mention &#8220;Ballon Sur Glace&#8221;).<\/p>\n<p>\u2714 <strong>HOLIDAY INN EXPRESS<\/strong> \u2013 Starting at $219<br \/>\n\ud83c\udf10 Booking link: <a href=\"https:\/\/www.hiexpress.com\/redirect?path=hd&amp;brandCode=EX&amp;localeCode=fr&amp;regionCode=350&amp;hotelCode=YULSH&amp;_PMID=99801505&amp;GPC=klo&amp;cn=no&amp;viewfullsite=true\" target=\"_new\" rel=\"noopener\">Click here<\/a><\/p>\n<p>\u2714 <strong>DAYS INN<\/strong> \u2013 Starting at $149<br \/>\n\ud83d\udcde 450-791-2580<br \/>\n\ud83d\udccc Mention <strong>&#8220;Championnat Ballon sur glace&#8221;<\/strong> for the special rate.<\/p>\n<p>&nbsp;<\/p>\n<p>___________________<\/p>\n<h2><strong>Arena Address:<\/strong><\/h2>\n<p>\ud83c\udfdf <strong>ISATIS Sport St-Hyacinthe<\/strong><br \/>\n\ud83d\udccd 600 Rue Turcot, Saint-Hyacinthe, QC J2S 1M5<\/p>\n<p><img loading=\"lazy\" decoding=\"async\" class=\"alignleft wp-image-7523 size-medium\" src=\"http:\/\/ballonsurglace.com\/wp-content\/uploads\/sites\/245\/2022\/02\/Syscopmax_Isatis-Sport_St-Hyacinthe_1-300x200.jpg\" alt=\"\" width=\"300\" height=\"200\" srcset=\"https:\/\/ballonsurglace.com\/wp-content\/uploads\/sites\/245\/2022\/02\/Syscopmax_Isatis-Sport_St-Hyacinthe_1-300x200.jpg 300w, https:\/\/ballonsurglace.com\/wp-content\/uploads\/sites\/245\/2022\/02\/Syscopmax_Isatis-Sport_St-Hyacinthe_1-768x512.jpg 768w, https:\/\/ballonsurglace.com\/wp-content\/uploads\/sites\/245\/2022\/02\/Syscopmax_Isatis-Sport_St-Hyacinthe_1-1536x1024.jpg 1536w, https:\/\/ballonsurglace.com\/wp-content\/uploads\/sites\/245\/2022\/02\/Syscopmax_Isatis-Sport_St-Hyacinthe_1.jpg 1920w\" sizes=\"(max-width: 300px) 100vw, 300px\" \/> <img loading=\"lazy\" decoding=\"async\" class=\"wp-image-7527 size-medium alignleft\" src=\"http:\/\/ballonsurglace.com\/wp-content\/uploads\/sites\/245\/2022\/02\/Syscopmax_Isatis-Sport_St-Hyacinthe_8-300x200.jpg\" alt=\"\" width=\"300\" height=\"200\" srcset=\"https:\/\/ballonsurglace.com\/wp-content\/uploads\/sites\/245\/2022\/02\/Syscopmax_Isatis-Sport_St-Hyacinthe_8-300x200.jpg 300w, https:\/\/ballonsurglace.com\/wp-content\/uploads\/sites\/245\/2022\/02\/Syscopmax_Isatis-Sport_St-Hyacinthe_8-768x512.jpg 768w, https:\/\/ballonsurglace.com\/wp-content\/uploads\/sites\/245\/2022\/02\/Syscopmax_Isatis-Sport_St-Hyacinthe_8-1536x1024.jpg 1536w, https:\/\/ballonsurglace.com\/wp-content\/uploads\/sites\/245\/2022\/02\/Syscopmax_Isatis-Sport_St-Hyacinthe_8.jpg 1920w\" sizes=\"(max-width: 300px) 100vw, 300px\" \/><\/p>\n<p>&nbsp;<\/p>\n<p>&nbsp;<\/p>\n<p>&nbsp;<\/p>\n<p>&nbsp;<\/p>\n<p>&nbsp;<\/p>\n<p>&nbsp;<\/p>\n<p>_______________________________________________________________________<\/p>\n<h2><strong>BANQUET<\/strong> <strong>(Saturday Night)<\/strong><\/h2>\n<p>\ud83d\udccd <strong>Location:<\/strong> Resto-Bar at the arena<br \/>\n\ud83d\udd62 <strong>Time:<\/strong> 7:30 PM (immediately after the finals)<br \/>\n\ud83d\udcb0 <strong>Cost:<\/strong> $35 per person<br \/>\n\ud83c\udfb6 <strong>Includes:<\/strong> Buffet dinner (hot &amp; cold), awards ceremony, music, and party<\/p>\n<p>\ud83c\udf9f <strong>Tickets must be purchased in advance via FQBG \u2013 per team.<\/strong><br \/>\n\ud83d\udcc5 <strong>Ticket purchase deadline:<\/strong> April 14, 2025<\/p>\n<p>\ud83d\udce9 <strong>Contact Alex at<\/strong> (819) 697-8147 or <strong><a rel=\"noopener\">fqbg.comm@gmail.com<\/a><\/strong> to purchase banquet tickets and process payment.<\/p>\n<p>&nbsp;<\/p>\n<h2><strong>Specific Regulations \u2013 Coupe des Champions 2025<\/strong><\/h2>\n<h3><strong>NEW ADMINISTRATIVE RULE<\/strong><\/h3>\n<h3><strong>Article #20<\/strong><\/h3>\n<p>\ud83d\udccc <strong>13)<\/strong> To support the development of ice ball hockey in Qu\u00e9bec, FQBG will recognize as members players from border regions of <strong>Ontario, New Brunswick, and Newfoundland<\/strong> for the Provincial Championships.<\/p>\n<p><strong>Eligibility Criteria:<\/strong><br \/>\n\u2714 Players <strong>cannot<\/strong> be affiliated with a team from another province.<br \/>\n\u2714 Players <strong>must reside within 50 km of the Qu\u00e9bec border<\/strong>.<br \/>\n\u2714 A <strong>maximum of 2 out-of-province players per team<\/strong> is allowed, respecting their status in their respective provinces.<\/p>\n<ul>\n<li>Ontario: <strong>50 km limit<\/strong><\/li>\n<li>Maritimes: <strong>No limit<\/strong><\/li>\n<\/ul>\n<p>\ud83d\udccc <strong>15)<\/strong> <strong>If a team wins the Coupe des Champions two years in a row in the same category, they must move up to the next category<\/strong> the following year.<\/p>\n<ul>\n<li>Staying in the same category is only possible <strong>if at least 50%+1 of the roster has changed<\/strong>.<\/li>\n<\/ul>\n<p>\ud83d\udccc <strong>16)<\/strong> <strong>A maximum of 2 players per team can also be listed on another team\u2019s roster (in a different category) during the event.<\/strong><\/p>\n<p>\ud83d\udccc <strong>17)<\/strong> <strong>In the &#8220;Masc A&#8221; category, a team can use a substitute goalkeeper from outside the league\/region if no eligible goalies are available.<\/strong><\/p>\n<ul>\n<li>However, this goalie <strong>must not have Elite status<\/strong>.<\/li>\n<\/ul>\n<p>\ud83d\udccc <strong>18)<\/strong> <strong>In the &#8220;Masc A&#8221; category, a maximum of six (6) Elite players per team is allowed, excluding the goalkeeper.<\/strong><\/p>\n<hr \/>\n<h2><strong>OTHER REGULATIONS \/ INFO \u2013 &#8220;COUPE DES CHAMPIONS A&#8221;<\/strong><\/h2>\n<p>\u2714 <strong>A team can represent either a LEAGUE or a REGION.<\/strong><br \/>\n\u2714 <strong>The &#8220;\u00c9clairs&#8221; and &#8220;Imperium&#8221; teams are invited,<\/strong> as they were the 2024 Coupe des Champions A &amp; B winners.<\/p>\n<h3><strong>League Representation:<\/strong><\/h3>\n<ul>\n<li><strong>One team per league<\/strong> is accepted in Coupe des Champions A.<\/li>\n<li>A second team <strong>may be requested<\/strong> if necessary.<\/li>\n<li><strong>Players must have played at least 3 games in the league they represent during the season.<\/strong><\/li>\n<\/ul>\n<h3><strong>Regional Representation:<\/strong><\/h3>\n<ul>\n<li>Players must be <strong>from or currently living in<\/strong> the region they represent.<\/li>\n<li><strong>Only one team per region<\/strong> is accepted in Coupe des Champions A.<\/li>\n<\/ul>\n<hr \/>\n<h2><strong>ALL TEAMS MUST BE AFFILIATED WITH FQBG TO PARTICIPATE<\/strong><\/h2>\n<h3><strong>HOW TO AFFILIATE?<\/strong><\/h3>\n<p>Each team manager must:<\/p>\n<ol>\n<li><strong>Complete the team affiliation form online<\/strong> via their <strong>&#8220;MY FQBG ACCOUNT&#8221;<\/strong> using a computer or mobile phone.<\/li>\n<li><strong>Pay online by credit card, via Interac to <a rel=\"noopener\">fqbg.comm@gmail.com<\/a>, or by cheque by mail.<\/strong><\/li>\n<li>Once your registration is <strong>approved<\/strong>, go to the <strong>&#8220;Roster&#8221; tab<\/strong> in your FQBG account to complete your team lineup, which <strong>can be modified at any time<\/strong>.<\/li>\n<\/ol>\n<p>\ud83d\udce9 <strong>For more details:<\/strong> <strong>How to affiliate?<\/strong><\/p>\n<p>\ud83d\udcde <strong>Contact FQBG:<\/strong><br \/>\n<strong>Alex \u2013 (819) 697-8147<\/strong><br \/>\n\ud83d\udce7 <strong><a rel=\"noopener\">fqbg.comm@gmail.com<\/a><\/strong><\/p>\n","protected":false},"excerpt":{"rendered":"<p>April 25-26, 2025 (Friday \u2013 Saturday) &nbsp; &nbsp; REGISTRATION: \ud83d\udd39 The event begins Friday late afternoon \ud83d\udcb0 Registration Fee: $560 \u27a1 Online registration via your FQBG Account \ud83d\udcc5 Registration Deadline: March 21, 2025 \ud83d\udce9 For more information: Alex B Perreault \ud83d\udce7 fqbg.comm@gmail.com \ud83d\udcde (819) 697-8147 __________________________ CATEGORIES: \ud83c\udfc6 COUPE DES CHAMPIONS A \ud83c\udfc6 COUPE DES [&hellip;]<\/p>\n","protected":false},"author":85,"featured_media":0,"parent":0,"menu_order":0,"comment_status":"closed","ping_status":"closed","template":"","meta":{"_acf_changed":false,"footnotes":""},"class_list":["post-6373","page","type-page","status-publish","hentry"],"acf":[],"yoast_head":"<!-- This site is optimized with the Yoast SEO plugin v25.7 - https:\/\/yoast.com\/wordpress\/plugins\/seo\/ -->\n<title>Senior Provincials Champions cup - St-Hyacinthe - F\u00e9d\u00e9ration Qu\u00e9b\u00e9cois de Ballon sur Glace<\/title>\n<meta name=\"robots\" content=\"index, follow, max-snippet:-1, max-image-preview:large, max-video-preview:-1\" \/>\n<link rel=\"canonical\" href=\"https:\/\/ballonsurglace.com\/en\/champions-cup-2021-st-hyacinthe\/\" \/>\n<meta property=\"og:locale\" content=\"en_US\" \/>\n<meta property=\"og:type\" content=\"article\" \/>\n<meta property=\"og:title\" content=\"Senior Provincials Champions cup - St-Hyacinthe - F\u00e9d\u00e9ration Qu\u00e9b\u00e9cois de Ballon sur Glace\" \/>\n<meta property=\"og:description\" content=\"April 25-26, 2025 (Friday \u2013 Saturday) &nbsp; &nbsp; REGISTRATION: \ud83d\udd39 The event begins Friday late afternoon \ud83d\udcb0 Registration Fee: $560 \u27a1 Online registration via your FQBG Account \ud83d\udcc5 Registration Deadline: March 21, 2025 \ud83d\udce9 For more information: Alex B Perreault \ud83d\udce7 fqbg.comm@gmail.com \ud83d\udcde (819) 697-8147 __________________________ CATEGORIES: \ud83c\udfc6 COUPE DES CHAMPIONS A \ud83c\udfc6 COUPE DES [&hellip;]\" \/>\n<meta property=\"og:url\" content=\"https:\/\/ballonsurglace.com\/en\/champions-cup-2021-st-hyacinthe\/\" \/>\n<meta property=\"og:site_name\" content=\"F\u00e9d\u00e9ration Qu\u00e9b\u00e9cois de Ballon sur Glace\" \/>\n<meta property=\"article:modified_time\" content=\"2025-01-30T16:27:08+00:00\" \/>\n<meta property=\"og:image\" content=\"http:\/\/ballonsurglace.com\/wp-content\/uploads\/sites\/245\/2025\/01\/logo-zoom.jpg\" \/>\n<meta name=\"twitter:card\" content=\"summary_large_image\" \/>\n<meta name=\"twitter:label1\" content=\"Est. reading time\" \/>\n\t<meta name=\"twitter:data1\" content=\"4 minutes\" \/>\n<script type=\"application\/ld+json\" class=\"yoast-schema-graph\">{\"@context\":\"https:\/\/schema.org\",\"@graph\":[{\"@type\":\"WebPage\",\"@id\":\"https:\/\/ballonsurglace.com\/en\/champions-cup-2021-st-hyacinthe\/\",\"url\":\"https:\/\/ballonsurglace.com\/en\/champions-cup-2021-st-hyacinthe\/\",\"name\":\"Senior Provincials Champions cup - St-Hyacinthe - F\u00e9d\u00e9ration Qu\u00e9b\u00e9cois de Ballon sur Glace\",\"isPartOf\":{\"@id\":\"https:\/\/ballonsurglace.com\/#website\"},\"primaryImageOfPage\":{\"@id\":\"https:\/\/ballonsurglace.com\/en\/champions-cup-2021-st-hyacinthe\/#primaryimage\"},\"image\":{\"@id\":\"https:\/\/ballonsurglace.com\/en\/champions-cup-2021-st-hyacinthe\/#primaryimage\"},\"thumbnailUrl\":\"http:\/\/ballonsurglace.com\/wp-content\/uploads\/sites\/245\/2025\/01\/logo-zoom.jpg\",\"datePublished\":\"2020-10-26T15:38:55+00:00\",\"dateModified\":\"2025-01-30T16:27:08+00:00\",\"breadcrumb\":{\"@id\":\"https:\/\/ballonsurglace.com\/en\/champions-cup-2021-st-hyacinthe\/#breadcrumb\"},\"inLanguage\":\"en-US\",\"potentialAction\":[{\"@type\":\"ReadAction\",\"target\":[\"https:\/\/ballonsurglace.com\/en\/champions-cup-2021-st-hyacinthe\/\"]}]},{\"@type\":\"ImageObject\",\"inLanguage\":\"en-US\",\"@id\":\"https:\/\/ballonsurglace.com\/en\/champions-cup-2021-st-hyacinthe\/#primaryimage\",\"url\":\"http:\/\/ballonsurglace.com\/wp-content\/uploads\/sites\/245\/2025\/01\/logo-zoom.jpg\",\"contentUrl\":\"http:\/\/ballonsurglace.com\/wp-content\/uploads\/sites\/245\/2025\/01\/logo-zoom.jpg\"},{\"@type\":\"BreadcrumbList\",\"@id\":\"https:\/\/ballonsurglace.com\/en\/champions-cup-2021-st-hyacinthe\/#breadcrumb\",\"itemListElement\":[{\"@type\":\"ListItem\",\"position\":1,\"name\":\"Accueil\",\"item\":\"https:\/\/ballonsurglace.com\/en\/\"},{\"@type\":\"ListItem\",\"position\":2,\"name\":\"Senior Provincials Champions cup &#8211; St-Hyacinthe\"}]},{\"@type\":\"WebSite\",\"@id\":\"https:\/\/ballonsurglace.com\/#website\",\"url\":\"https:\/\/ballonsurglace.com\/\",\"name\":\"F\u00e9d\u00e9ration Qu\u00e9b\u00e9cois de Ballon sur Glace\",\"description\":\"Un site utilisant Les sites de Ligue nord am\u00e9ricaine de hockey\",\"potentialAction\":[{\"@type\":\"SearchAction\",\"target\":{\"@type\":\"EntryPoint\",\"urlTemplate\":\"https:\/\/ballonsurglace.com\/?s={search_term_string}\"},\"query-input\":{\"@type\":\"PropertyValueSpecification\",\"valueRequired\":true,\"valueName\":\"search_term_string\"}}],\"inLanguage\":\"en-US\"}]}<\/script>\n<!-- \/ Yoast SEO plugin. -->","yoast_head_json":{"title":"Senior Provincials Champions cup - St-Hyacinthe - F\u00e9d\u00e9ration Qu\u00e9b\u00e9cois de Ballon sur Glace","robots":{"index":"index","follow":"follow","max-snippet":"max-snippet:-1","max-image-preview":"max-image-preview:large","max-video-preview":"max-video-preview:-1"},"canonical":"https:\/\/ballonsurglace.com\/en\/champions-cup-2021-st-hyacinthe\/","og_locale":"en_US","og_type":"article","og_title":"Senior Provincials Champions cup - St-Hyacinthe - F\u00e9d\u00e9ration Qu\u00e9b\u00e9cois de Ballon sur Glace","og_description":"April 25-26, 2025 (Friday \u2013 Saturday) &nbsp; &nbsp; REGISTRATION: \ud83d\udd39 The event begins Friday late afternoon \ud83d\udcb0 Registration Fee: $560 \u27a1 Online registration via your FQBG Account \ud83d\udcc5 Registration Deadline: March 21, 2025 \ud83d\udce9 For more information: Alex B Perreault \ud83d\udce7 fqbg.comm@gmail.com \ud83d\udcde (819) 697-8147 __________________________ CATEGORIES: \ud83c\udfc6 COUPE DES CHAMPIONS A \ud83c\udfc6 COUPE DES [&hellip;]","og_url":"https:\/\/ballonsurglace.com\/en\/champions-cup-2021-st-hyacinthe\/","og_site_name":"F\u00e9d\u00e9ration Qu\u00e9b\u00e9cois de Ballon sur Glace","article_modified_time":"2025-01-30T16:27:08+00:00","og_image":[{"url":"http:\/\/ballonsurglace.com\/wp-content\/uploads\/sites\/245\/2025\/01\/logo-zoom.jpg","type":"","width":"","height":""}],"twitter_card":"summary_large_image","twitter_misc":{"Est. reading time":"4 minutes"},"schema":{"@context":"https:\/\/schema.org","@graph":[{"@type":"WebPage","@id":"https:\/\/ballonsurglace.com\/en\/champions-cup-2021-st-hyacinthe\/","url":"https:\/\/ballonsurglace.com\/en\/champions-cup-2021-st-hyacinthe\/","name":"Senior Provincials Champions cup - St-Hyacinthe - F\u00e9d\u00e9ration Qu\u00e9b\u00e9cois de Ballon sur Glace","isPartOf":{"@id":"https:\/\/ballonsurglace.com\/#website"},"primaryImageOfPage":{"@id":"https:\/\/ballonsurglace.com\/en\/champions-cup-2021-st-hyacinthe\/#primaryimage"},"image":{"@id":"https:\/\/ballonsurglace.com\/en\/champions-cup-2021-st-hyacinthe\/#primaryimage"},"thumbnailUrl":"http:\/\/ballonsurglace.com\/wp-content\/uploads\/sites\/245\/2025\/01\/logo-zoom.jpg","datePublished":"2020-10-26T15:38:55+00:00","dateModified":"2025-01-30T16:27:08+00:00","breadcrumb":{"@id":"https:\/\/ballonsurglace.com\/en\/champions-cup-2021-st-hyacinthe\/#breadcrumb"},"inLanguage":"en-US","potentialAction":[{"@type":"ReadAction","target":["https:\/\/ballonsurglace.com\/en\/champions-cup-2021-st-hyacinthe\/"]}]},{"@type":"ImageObject","inLanguage":"en-US","@id":"https:\/\/ballonsurglace.com\/en\/champions-cup-2021-st-hyacinthe\/#primaryimage","url":"http:\/\/ballonsurglace.com\/wp-content\/uploads\/sites\/245\/2025\/01\/logo-zoom.jpg","contentUrl":"http:\/\/ballonsurglace.com\/wp-content\/uploads\/sites\/245\/2025\/01\/logo-zoom.jpg"},{"@type":"BreadcrumbList","@id":"https:\/\/ballonsurglace.com\/en\/champions-cup-2021-st-hyacinthe\/#breadcrumb","itemListElement":[{"@type":"ListItem","position":1,"name":"Accueil","item":"https:\/\/ballonsurglace.com\/en\/"},{"@type":"ListItem","position":2,"name":"Senior Provincials Champions cup &#8211; St-Hyacinthe"}]},{"@type":"WebSite","@id":"https:\/\/ballonsurglace.com\/#website","url":"https:\/\/ballonsurglace.com\/","name":"F\u00e9d\u00e9ration Qu\u00e9b\u00e9cois de Ballon sur Glace","description":"Un site utilisant Les sites de Ligue nord am\u00e9ricaine de hockey","potentialAction":[{"@type":"SearchAction","target":{"@type":"EntryPoint","urlTemplate":"https:\/\/ballonsurglace.com\/?s={search_term_string}"},"query-input":{"@type":"PropertyValueSpecification","valueRequired":true,"valueName":"search_term_string"}}],"inLanguage":"en-US"}]}},"_links":{"self":[{"href":"https:\/\/ballonsurglace.com\/en\/wp-json\/wp\/v2\/pages\/6373","targetHints":{"allow":["GET"]}}],"collection":[{"href":"https:\/\/ballonsurglace.com\/en\/wp-json\/wp\/v2\/pages"}],"about":[{"href":"https:\/\/ballonsurglace.com\/en\/wp-json\/wp\/v2\/types\/page"}],"author":[{"embeddable":true,"href":"https:\/\/ballonsurglace.com\/en\/wp-json\/wp\/v2\/users\/85"}],"replies":[{"embeddable":true,"href":"https:\/\/ballonsurglace.com\/en\/wp-json\/wp\/v2\/comments?post=6373"}],"version-history":[{"count":7,"href":"https:\/\/ballonsurglace.com\/en\/wp-json\/wp\/v2\/pages\/6373\/revisions"}],"predecessor-version":[{"id":11064,"href":"https:\/\/ballonsurglace.com\/en\/wp-json\/wp\/v2\/pages\/6373\/revisions\/11064"}],"wp:attachment":[{"href":"https:\/\/ballonsurglace.com\/en\/wp-json\/wp\/v2\/media?parent=6373"}],"curies":[{"name":"wp","href":"https:\/\/api.w.org\/{rel}","templated":true}]}}