{"id":6467,"date":"2021-03-03T14:44:49","date_gmt":"2021-03-03T19:44:49","guid":{"rendered":"http:\/\/ballonsurglace.com\/?page_id=6467"},"modified":"2021-03-03T14:58:37","modified_gmt":"2021-03-03T19:58:37","slug":"i-file-a-complaint","status":"publish","type":"page","link":"https:\/\/ballonsurglace.com\/en\/i-file-a-complaint\/","title":{"rendered":"I file a complaint"},"content":{"rendered":"<p><a href=\"https:\/\/alias-solution.com\/contact\/en\/ls57\"><br \/>\n<img loading=\"lazy\" decoding=\"async\" class=\"aligncenter wp-image-6474 size-full\" src=\"http:\/\/ballonsurglace.com\/wp-content\/uploads\/sites\/245\/2021\/03\/PolitiqueIntegrite-300x600-ang.jpg\" alt=\"\" width=\"300\" height=\"600\" srcset=\"https:\/\/ballonsurglace.com\/wp-content\/uploads\/sites\/245\/2021\/03\/PolitiqueIntegrite-300x600-ang.jpg 300w, https:\/\/ballonsurglace.com\/wp-content\/uploads\/sites\/245\/2021\/03\/PolitiqueIntegrite-300x600-ang-150x300.jpg 150w\" sizes=\"(max-width: 300px) 100vw, 300px\" \/><\/a><\/p>\n<p>To file a complaint, click on the image above, or <a href=\"https:\/\/alias-solution.com\/contact\/en\/ls57\">here.<\/a><\/p>\n<p><a href=\"http:\/\/ballonsurglace.com\/wp-content\/uploads\/sites\/245\/2021\/03\/Graphique_Traitement-des-plaintes-ang.pdf\" target=\"\" rel=\"noopener noreferrer\">Graphic &#8211; Complaints process<\/a><\/p>\n<p><img loading=\"lazy\" decoding=\"async\" class=\"aligncenter wp-image-6478 size-full\" src=\"http:\/\/ballonsurglace.com\/wp-content\/uploads\/sites\/245\/2021\/03\/1-PolitiqueIntegrite_FicheGlobal_Ang-scaled.jpg\" alt=\"\" width=\"1583\" height=\"2048\" srcset=\"https:\/\/ballonsurglace.com\/wp-content\/uploads\/sites\/245\/2021\/03\/1-PolitiqueIntegrite_FicheGlobal_Ang-scaled.jpg 1583w, https:\/\/ballonsurglace.com\/wp-content\/uploads\/sites\/245\/2021\/03\/1-PolitiqueIntegrite_FicheGlobal_Ang-232x300.jpg 232w, https:\/\/ballonsurglace.com\/wp-content\/uploads\/sites\/245\/2021\/03\/1-PolitiqueIntegrite_FicheGlobal_Ang-1545x2000.jpg 1545w, https:\/\/ballonsurglace.com\/wp-content\/uploads\/sites\/245\/2021\/03\/1-PolitiqueIntegrite_FicheGlobal_Ang-768x994.jpg 768w, https:\/\/ballonsurglace.com\/wp-content\/uploads\/sites\/245\/2021\/03\/1-PolitiqueIntegrite_FicheGlobal_Ang-1187x1536.jpg 1187w\" sizes=\"(max-width: 1583px) 100vw, 1583px\" \/><\/p>\n<p><img loading=\"lazy\" decoding=\"async\" class=\"aligncenter size-thumbnail wp-image-6468\" src=\"http:\/\/ballonsurglace.com\/wp-content\/uploads\/sites\/245\/2021\/03\/PolitiqueIntegrite-300x250-ang-150x150.jpg\" alt=\"\" width=\"150\" height=\"150\" \/><\/p>\n","protected":false},"excerpt":{"rendered":"<p>To file a complaint, click on the image above, or here. Graphic &#8211; Complaints process<\/p>\n","protected":false},"author":85,"featured_media":0,"parent":0,"menu_order":0,"comment_status":"closed","ping_status":"closed","template":"","meta":{"_acf_changed":false,"footnotes":""},"class_list":["post-6467","page","type-page","status-publish","hentry"],"acf":[],"yoast_head":"<!-- This site is optimized with the Yoast SEO plugin v25.7 - https:\/\/yoast.com\/wordpress\/plugins\/seo\/ -->\n<title>I file a complaint - F\u00e9d\u00e9ration Qu\u00e9b\u00e9cois de Ballon sur Glace<\/title>\n<meta name=\"robots\" content=\"index, follow, max-snippet:-1, max-image-preview:large, max-video-preview:-1\" \/>\n<link rel=\"canonical\" href=\"https:\/\/ballonsurglace.com\/en\/i-file-a-complaint\/\" \/>\n<meta property=\"og:locale\" content=\"en_US\" \/>\n<meta property=\"og:type\" content=\"article\" \/>\n<meta property=\"og:title\" content=\"I file a complaint - F\u00e9d\u00e9ration Qu\u00e9b\u00e9cois de Ballon sur Glace\" \/>\n<meta property=\"og:description\" content=\"To file a complaint, click on the image above, or here. Graphic &#8211; Complaints process\" \/>\n<meta property=\"og:url\" content=\"https:\/\/ballonsurglace.com\/en\/i-file-a-complaint\/\" \/>\n<meta property=\"og:site_name\" content=\"F\u00e9d\u00e9ration Qu\u00e9b\u00e9cois de Ballon sur Glace\" \/>\n<meta property=\"article:modified_time\" content=\"2021-03-03T19:58:37+00:00\" \/>\n<meta property=\"og:image\" content=\"http:\/\/ballonsurglace.com\/wp-content\/uploads\/sites\/245\/2021\/03\/PolitiqueIntegrite-300x600-ang.jpg\" \/>\n<meta name=\"twitter:card\" content=\"summary_large_image\" \/>\n<script type=\"application\/ld+json\" class=\"yoast-schema-graph\">{\"@context\":\"https:\/\/schema.org\",\"@graph\":[{\"@type\":\"WebPage\",\"@id\":\"https:\/\/ballonsurglace.com\/en\/i-file-a-complaint\/\",\"url\":\"https:\/\/ballonsurglace.com\/en\/i-file-a-complaint\/\",\"name\":\"I file a complaint - F\u00e9d\u00e9ration Qu\u00e9b\u00e9cois de Ballon sur Glace\",\"isPartOf\":{\"@id\":\"https:\/\/ballonsurglace.com\/#website\"},\"primaryImageOfPage\":{\"@id\":\"https:\/\/ballonsurglace.com\/en\/i-file-a-complaint\/#primaryimage\"},\"image\":{\"@id\":\"https:\/\/ballonsurglace.com\/en\/i-file-a-complaint\/#primaryimage\"},\"thumbnailUrl\":\"http:\/\/ballonsurglace.com\/wp-content\/uploads\/sites\/245\/2021\/03\/PolitiqueIntegrite-300x600-ang.jpg\",\"datePublished\":\"2021-03-03T19:44:49+00:00\",\"dateModified\":\"2021-03-03T19:58:37+00:00\",\"breadcrumb\":{\"@id\":\"https:\/\/ballonsurglace.com\/en\/i-file-a-complaint\/#breadcrumb\"},\"inLanguage\":\"en-US\",\"potentialAction\":[{\"@type\":\"ReadAction\",\"target\":[\"https:\/\/ballonsurglace.com\/en\/i-file-a-complaint\/\"]}]},{\"@type\":\"ImageObject\",\"inLanguage\":\"en-US\",\"@id\":\"https:\/\/ballonsurglace.com\/en\/i-file-a-complaint\/#primaryimage\",\"url\":\"http:\/\/ballonsurglace.com\/wp-content\/uploads\/sites\/245\/2021\/03\/PolitiqueIntegrite-300x600-ang.jpg\",\"contentUrl\":\"http:\/\/ballonsurglace.com\/wp-content\/uploads\/sites\/245\/2021\/03\/PolitiqueIntegrite-300x600-ang.jpg\"},{\"@type\":\"BreadcrumbList\",\"@id\":\"https:\/\/ballonsurglace.com\/en\/i-file-a-complaint\/#breadcrumb\",\"itemListElement\":[{\"@type\":\"ListItem\",\"position\":1,\"name\":\"Accueil\",\"item\":\"https:\/\/ballonsurglace.com\/en\/\"},{\"@type\":\"ListItem\",\"position\":2,\"name\":\"I file a complaint\"}]},{\"@type\":\"WebSite\",\"@id\":\"https:\/\/ballonsurglace.com\/#website\",\"url\":\"https:\/\/ballonsurglace.com\/\",\"name\":\"F\u00e9d\u00e9ration Qu\u00e9b\u00e9cois de Ballon sur Glace\",\"description\":\"Un site utilisant Les sites de Ligue nord am\u00e9ricaine de hockey\",\"potentialAction\":[{\"@type\":\"SearchAction\",\"target\":{\"@type\":\"EntryPoint\",\"urlTemplate\":\"https:\/\/ballonsurglace.com\/?s={search_term_string}\"},\"query-input\":{\"@type\":\"PropertyValueSpecification\",\"valueRequired\":true,\"valueName\":\"search_term_string\"}}],\"inLanguage\":\"en-US\"}]}<\/script>\n<!-- \/ Yoast SEO plugin. -->","yoast_head_json":{"title":"I file a complaint - F\u00e9d\u00e9ration Qu\u00e9b\u00e9cois de Ballon sur Glace","robots":{"index":"index","follow":"follow","max-snippet":"max-snippet:-1","max-image-preview":"max-image-preview:large","max-video-preview":"max-video-preview:-1"},"canonical":"https:\/\/ballonsurglace.com\/en\/i-file-a-complaint\/","og_locale":"en_US","og_type":"article","og_title":"I file a complaint - F\u00e9d\u00e9ration Qu\u00e9b\u00e9cois de Ballon sur Glace","og_description":"To file a complaint, click on the image above, or here. Graphic &#8211; Complaints process","og_url":"https:\/\/ballonsurglace.com\/en\/i-file-a-complaint\/","og_site_name":"F\u00e9d\u00e9ration Qu\u00e9b\u00e9cois de Ballon sur Glace","article_modified_time":"2021-03-03T19:58:37+00:00","og_image":[{"url":"http:\/\/ballonsurglace.com\/wp-content\/uploads\/sites\/245\/2021\/03\/PolitiqueIntegrite-300x600-ang.jpg","type":"","width":"","height":""}],"twitter_card":"summary_large_image","schema":{"@context":"https:\/\/schema.org","@graph":[{"@type":"WebPage","@id":"https:\/\/ballonsurglace.com\/en\/i-file-a-complaint\/","url":"https:\/\/ballonsurglace.com\/en\/i-file-a-complaint\/","name":"I file a complaint - F\u00e9d\u00e9ration Qu\u00e9b\u00e9cois de Ballon sur Glace","isPartOf":{"@id":"https:\/\/ballonsurglace.com\/#website"},"primaryImageOfPage":{"@id":"https:\/\/ballonsurglace.com\/en\/i-file-a-complaint\/#primaryimage"},"image":{"@id":"https:\/\/ballonsurglace.com\/en\/i-file-a-complaint\/#primaryimage"},"thumbnailUrl":"http:\/\/ballonsurglace.com\/wp-content\/uploads\/sites\/245\/2021\/03\/PolitiqueIntegrite-300x600-ang.jpg","datePublished":"2021-03-03T19:44:49+00:00","dateModified":"2021-03-03T19:58:37+00:00","breadcrumb":{"@id":"https:\/\/ballonsurglace.com\/en\/i-file-a-complaint\/#breadcrumb"},"inLanguage":"en-US","potentialAction":[{"@type":"ReadAction","target":["https:\/\/ballonsurglace.com\/en\/i-file-a-complaint\/"]}]},{"@type":"ImageObject","inLanguage":"en-US","@id":"https:\/\/ballonsurglace.com\/en\/i-file-a-complaint\/#primaryimage","url":"http:\/\/ballonsurglace.com\/wp-content\/uploads\/sites\/245\/2021\/03\/PolitiqueIntegrite-300x600-ang.jpg","contentUrl":"http:\/\/ballonsurglace.com\/wp-content\/uploads\/sites\/245\/2021\/03\/PolitiqueIntegrite-300x600-ang.jpg"},{"@type":"BreadcrumbList","@id":"https:\/\/ballonsurglace.com\/en\/i-file-a-complaint\/#breadcrumb","itemListElement":[{"@type":"ListItem","position":1,"name":"Accueil","item":"https:\/\/ballonsurglace.com\/en\/"},{"@type":"ListItem","position":2,"name":"I file a complaint"}]},{"@type":"WebSite","@id":"https:\/\/ballonsurglace.com\/#website","url":"https:\/\/ballonsurglace.com\/","name":"F\u00e9d\u00e9ration Qu\u00e9b\u00e9cois de Ballon sur Glace","description":"Un site utilisant Les sites de Ligue nord am\u00e9ricaine de hockey","potentialAction":[{"@type":"SearchAction","target":{"@type":"EntryPoint","urlTemplate":"https:\/\/ballonsurglace.com\/?s={search_term_string}"},"query-input":{"@type":"PropertyValueSpecification","valueRequired":true,"valueName":"search_term_string"}}],"inLanguage":"en-US"}]}},"_links":{"self":[{"href":"https:\/\/ballonsurglace.com\/en\/wp-json\/wp\/v2\/pages\/6467","targetHints":{"allow":["GET"]}}],"collection":[{"href":"https:\/\/ballonsurglace.com\/en\/wp-json\/wp\/v2\/pages"}],"about":[{"href":"https:\/\/ballonsurglace.com\/en\/wp-json\/wp\/v2\/types\/page"}],"author":[{"embeddable":true,"href":"https:\/\/ballonsurglace.com\/en\/wp-json\/wp\/v2\/users\/85"}],"replies":[{"embeddable":true,"href":"https:\/\/ballonsurglace.com\/en\/wp-json\/wp\/v2\/comments?post=6467"}],"version-history":[{"count":1,"href":"https:\/\/ballonsurglace.com\/en\/wp-json\/wp\/v2\/pages\/6467\/revisions"}],"predecessor-version":[{"id":6480,"href":"https:\/\/ballonsurglace.com\/en\/wp-json\/wp\/v2\/pages\/6467\/revisions\/6480"}],"wp:attachment":[{"href":"https:\/\/ballonsurglace.com\/en\/wp-json\/wp\/v2\/media?parent=6467"}],"curies":[{"name":"wp","href":"https:\/\/api.w.org\/{rel}","templated":true}]}}