{"id":7161,"date":"2021-10-31T21:40:03","date_gmt":"2021-11-01T01:40:03","guid":{"rendered":"https:\/\/ballonsurglace.com\/7145-2\/"},"modified":"2021-10-31T21:54:40","modified_gmt":"2021-11-01T01:54:40","slug":"7145-2","status":"publish","type":"page","link":"https:\/\/ballonsurglace.com\/en\/7145-2\/","title":{"rendered":"Broomball World Map"},"content":{"rendered":"<p><a href=\"https:\/\/docs.google.com\/forms\/d\/e\/1FAIpQLSfyxKrEfKGdMtFd_FwU6pQgqxvHM40b5yysnlllLJ8Pgj1mSQ\/alreadyresponded?fbclid=IwAR040CSLqCD3C666XVsR7Q9Trwj6X4tcMzGuY1aPq8fVnsPOaJBiEGggL_c\">CLICK HERE<\/a> to participate ! Fill in your informations in the form to be part of the Broomball World Map.<\/p>\n<p>To have your informations on the map &#8212;-&gt; <a href=\"https:\/\/docs.google.com\/forms\/d\/e\/1FAIpQLSfyxKrEfKGdMtFd_FwU6pQgqxvHM40b5yysnlllLJ8Pgj1mSQ\/alreadyresponded?fbclid=IwAR040CSLqCD3C666XVsR7Q9Trwj6X4tcMzGuY1aPq8fVnsPOaJBiEGggL_c\">Form<\/a><\/p>\n\n<div data-mode=\"normal\" data-provider=\"iframe\" id=\"arve-iframe-\" style=\"max-width:900px;\" class=\"arve\">\n\t<div class=\"arve-inner\">\n\t\t<div class=\"arve-embed arve-embed--has-aspect-ratio\">\n\t\t\t<div class=\"arve-ar\" style=\"padding-top:56.250000%\"><\/div>\n\t\t\t<iframe allow=\"accelerometer &#039;none&#039;;autoplay &#039;none&#039;;camera &#039;none&#039;;ch-ua &#039;none&#039;;clipboard-read &#039;none&#039;;clipboard-write;display-capture &#039;none&#039;;encrypted-media &#039;none&#039;;gamepad &#039;none&#039;;geolocation &#039;none&#039;;gyroscope &#039;none&#039;;hid &#039;none&#039;;identity-credentials-get &#039;none&#039;;idle-detection &#039;none&#039;;keyboard-map &#039;none&#039;;local-fonts &#039;none&#039;;magnetometer &#039;none&#039;;microphone &#039;none&#039;;midi &#039;none&#039;;payment &#039;none&#039;;picture-in-picture;publickey-credentials-create &#039;none&#039;;publickey-credentials-get &#039;none&#039;;screen-wake-lock &#039;none&#039;;serial &#039;none&#039;;sync-xhr;usb &#039;none&#039;;window-management &#039;none&#039;;xr-spatial-tracking &#039;none&#039;;\" allowfullscreen=\"\" class=\"arve-iframe fitvidsignore\" credentialless data-arve=\"arve-iframe-\" data-lenis-prevent=\"\" data-src-no-ap=\"https:\/\/www.google.com\/maps\/d\/u\/2\/embed?mid=1w41wzTu6FNN8PJXPcYEF5jA8DDxzCiV4\" frameborder=\"0\" height=\"506.25\" loading=\"lazy\" name=\"\" referrerpolicy=\"no-referrer\" sandbox=\"allow-scripts allow-same-origin allow-presentation allow-popups allow-popups-to-escape-sandbox\" scrolling=\"no\" src=\"https:\/\/www.google.com\/maps\/d\/u\/2\/embed?mid=1w41wzTu6FNN8PJXPcYEF5jA8DDxzCiV4\" title=\"Carte mondiale du ballon sur glace\" width=\"900\"><\/iframe>\n\t\t\t\n\t\t<\/div>\n\t\t\n\t<\/div>\n\t\n\t\n\t<script type=\"application\/ld+json\">{\"@context\":\"http:\\\/\\\/schema.org\\\/\",\"@id\":\"https:\\\/\\\/ballonsurglace.com\\\/en\\\/7145-2\\\/#arve-iframe-\",\"type\":\"VideoObject\",\"embedURL\":\"https:\\\/\\\/www.google.com\\\/maps\\\/d\\\/u\\\/2\\\/embed?mid=1w41wzTu6FNN8PJXPcYEF5jA8DDxzCiV4\",\"name\":\"Carte mondiale du ballon sur glace\"}<\/script>\n<\/div>\n","protected":false},"excerpt":{"rendered":"<p>CLICK HERE to participate ! Fill in your informations in the form to be part of the Broomball World Map. To have your informations on the map &#8212;-&gt; Form<\/p>\n","protected":false},"author":85,"featured_media":0,"parent":0,"menu_order":0,"comment_status":"closed","ping_status":"closed","template":"","meta":{"_acf_changed":false,"footnotes":""},"class_list":["post-7161","page","type-page","status-publish","hentry"],"acf":[],"yoast_head":"<!-- This site is optimized with the Yoast SEO plugin v25.7 - https:\/\/yoast.com\/wordpress\/plugins\/seo\/ -->\n<title>Broomball World Map - F\u00e9d\u00e9ration Qu\u00e9b\u00e9cois de Ballon sur Glace<\/title>\n<meta name=\"robots\" content=\"index, follow, max-snippet:-1, max-image-preview:large, max-video-preview:-1\" \/>\n<link rel=\"canonical\" href=\"https:\/\/ballonsurglace.com\/en\/7145-2\/\" \/>\n<meta property=\"og:locale\" content=\"en_US\" \/>\n<meta property=\"og:type\" content=\"article\" \/>\n<meta property=\"og:title\" content=\"Broomball World Map - F\u00e9d\u00e9ration Qu\u00e9b\u00e9cois de Ballon sur Glace\" \/>\n<meta property=\"og:description\" content=\"CLICK HERE to participate ! Fill in your informations in the form to be part of the Broomball World Map. To have your informations on the map &#8212;-&gt; Form\" \/>\n<meta property=\"og:url\" content=\"https:\/\/ballonsurglace.com\/en\/7145-2\/\" \/>\n<meta property=\"og:site_name\" content=\"F\u00e9d\u00e9ration Qu\u00e9b\u00e9cois de Ballon sur Glace\" \/>\n<meta property=\"article:modified_time\" content=\"2021-11-01T01:54:40+00:00\" \/>\n<meta name=\"twitter:card\" content=\"summary_large_image\" \/>\n<meta name=\"twitter:label1\" content=\"Est. reading time\" \/>\n\t<meta name=\"twitter:data1\" content=\"1 minute\" \/>\n<script type=\"application\/ld+json\" class=\"yoast-schema-graph\">{\"@context\":\"https:\/\/schema.org\",\"@graph\":[{\"@type\":\"WebPage\",\"@id\":\"https:\/\/ballonsurglace.com\/en\/7145-2\/\",\"url\":\"https:\/\/ballonsurglace.com\/en\/7145-2\/\",\"name\":\"Broomball World Map - F\u00e9d\u00e9ration Qu\u00e9b\u00e9cois de Ballon sur Glace\",\"isPartOf\":{\"@id\":\"https:\/\/ballonsurglace.com\/#website\"},\"datePublished\":\"2021-11-01T01:40:03+00:00\",\"dateModified\":\"2021-11-01T01:54:40+00:00\",\"breadcrumb\":{\"@id\":\"https:\/\/ballonsurglace.com\/en\/7145-2\/#breadcrumb\"},\"inLanguage\":\"en-US\",\"potentialAction\":[{\"@type\":\"ReadAction\",\"target\":[\"https:\/\/ballonsurglace.com\/en\/7145-2\/\"]}]},{\"@type\":\"BreadcrumbList\",\"@id\":\"https:\/\/ballonsurglace.com\/en\/7145-2\/#breadcrumb\",\"itemListElement\":[{\"@type\":\"ListItem\",\"position\":1,\"name\":\"Accueil\",\"item\":\"https:\/\/ballonsurglace.com\/en\/\"},{\"@type\":\"ListItem\",\"position\":2,\"name\":\"Broomball World Map\"}]},{\"@type\":\"WebSite\",\"@id\":\"https:\/\/ballonsurglace.com\/#website\",\"url\":\"https:\/\/ballonsurglace.com\/\",\"name\":\"F\u00e9d\u00e9ration Qu\u00e9b\u00e9cois de Ballon sur Glace\",\"description\":\"Un site utilisant Les sites de Ligue nord am\u00e9ricaine de hockey\",\"potentialAction\":[{\"@type\":\"SearchAction\",\"target\":{\"@type\":\"EntryPoint\",\"urlTemplate\":\"https:\/\/ballonsurglace.com\/?s={search_term_string}\"},\"query-input\":{\"@type\":\"PropertyValueSpecification\",\"valueRequired\":true,\"valueName\":\"search_term_string\"}}],\"inLanguage\":\"en-US\"}]}<\/script>\n<!-- \/ Yoast SEO plugin. -->","yoast_head_json":{"title":"Broomball World Map - F\u00e9d\u00e9ration Qu\u00e9b\u00e9cois de Ballon sur Glace","robots":{"index":"index","follow":"follow","max-snippet":"max-snippet:-1","max-image-preview":"max-image-preview:large","max-video-preview":"max-video-preview:-1"},"canonical":"https:\/\/ballonsurglace.com\/en\/7145-2\/","og_locale":"en_US","og_type":"article","og_title":"Broomball World Map - F\u00e9d\u00e9ration Qu\u00e9b\u00e9cois de Ballon sur Glace","og_description":"CLICK HERE to participate ! Fill in your informations in the form to be part of the Broomball World Map. To have your informations on the map &#8212;-&gt; Form","og_url":"https:\/\/ballonsurglace.com\/en\/7145-2\/","og_site_name":"F\u00e9d\u00e9ration Qu\u00e9b\u00e9cois de Ballon sur Glace","article_modified_time":"2021-11-01T01:54:40+00:00","twitter_card":"summary_large_image","twitter_misc":{"Est. reading time":"1 minute"},"schema":{"@context":"https:\/\/schema.org","@graph":[{"@type":"WebPage","@id":"https:\/\/ballonsurglace.com\/en\/7145-2\/","url":"https:\/\/ballonsurglace.com\/en\/7145-2\/","name":"Broomball World Map - F\u00e9d\u00e9ration Qu\u00e9b\u00e9cois de Ballon sur Glace","isPartOf":{"@id":"https:\/\/ballonsurglace.com\/#website"},"datePublished":"2021-11-01T01:40:03+00:00","dateModified":"2021-11-01T01:54:40+00:00","breadcrumb":{"@id":"https:\/\/ballonsurglace.com\/en\/7145-2\/#breadcrumb"},"inLanguage":"en-US","potentialAction":[{"@type":"ReadAction","target":["https:\/\/ballonsurglace.com\/en\/7145-2\/"]}]},{"@type":"BreadcrumbList","@id":"https:\/\/ballonsurglace.com\/en\/7145-2\/#breadcrumb","itemListElement":[{"@type":"ListItem","position":1,"name":"Accueil","item":"https:\/\/ballonsurglace.com\/en\/"},{"@type":"ListItem","position":2,"name":"Broomball World Map"}]},{"@type":"WebSite","@id":"https:\/\/ballonsurglace.com\/#website","url":"https:\/\/ballonsurglace.com\/","name":"F\u00e9d\u00e9ration Qu\u00e9b\u00e9cois de Ballon sur Glace","description":"Un site utilisant Les sites de Ligue nord am\u00e9ricaine de hockey","potentialAction":[{"@type":"SearchAction","target":{"@type":"EntryPoint","urlTemplate":"https:\/\/ballonsurglace.com\/?s={search_term_string}"},"query-input":{"@type":"PropertyValueSpecification","valueRequired":true,"valueName":"search_term_string"}}],"inLanguage":"en-US"}]}},"_links":{"self":[{"href":"https:\/\/ballonsurglace.com\/en\/wp-json\/wp\/v2\/pages\/7161","targetHints":{"allow":["GET"]}}],"collection":[{"href":"https:\/\/ballonsurglace.com\/en\/wp-json\/wp\/v2\/pages"}],"about":[{"href":"https:\/\/ballonsurglace.com\/en\/wp-json\/wp\/v2\/types\/page"}],"author":[{"embeddable":true,"href":"https:\/\/ballonsurglace.com\/en\/wp-json\/wp\/v2\/users\/85"}],"replies":[{"embeddable":true,"href":"https:\/\/ballonsurglace.com\/en\/wp-json\/wp\/v2\/comments?post=7161"}],"version-history":[{"count":2,"href":"https:\/\/ballonsurglace.com\/en\/wp-json\/wp\/v2\/pages\/7161\/revisions"}],"predecessor-version":[{"id":7165,"href":"https:\/\/ballonsurglace.com\/en\/wp-json\/wp\/v2\/pages\/7161\/revisions\/7165"}],"wp:attachment":[{"href":"https:\/\/ballonsurglace.com\/en\/wp-json\/wp\/v2\/media?parent=7161"}],"curies":[{"name":"wp","href":"https:\/\/api.w.org\/{rel}","templated":true}]}}